{"id":102069,"date":"2026-04-22T10:29:35","date_gmt":"2026-04-22T07:29:35","guid":{"rendered":"https:\/\/volustuudio.ee\/epood\/product\/naiste-vaeohtu-emakapuhastus-rituaaliga\/"},"modified":"2026-04-24T12:17:14","modified_gmt":"2026-04-24T09:17:14","slug":"naiste-vaeohtu-emakapuhastus-rituaaliga","status":"publish","type":"product","link":"https:\/\/volustuudio.ee\/epood\/product\/naiste-vaeohtu-emakapuhastus-rituaaliga\/","title":{"rendered":"P\u00fcha \u00f5htu Naistele \/ \u00dchendused"},"content":{"rendered":"<div class=\"custom-accordion\"><br \/>\n<div class=\"accordion-section\">\n                <div class=\"accordion-header\" style=\"cursor:pointer; font-weight:bold; padding:10px; background:#f7f7f7; border:1px solid #ddd;\">\n                    Kirjeldus<span class=\"accordion-arrow\" style=\"float:right;\">&#x25BC;<\/span>\n                <\/div>\n                <div class=\"accordion-content\" style=\"display:none; padding:10px;\"><br \/>\nArmsad naised,<br \/>\nkas oled kunagi m\u00f5elnud, et meie munasarjad ja emakas on meiega s\u00fcnnist saati ja kannab endas s\u00fcgavat, \u00fcrgset v\u00e4ge?<\/p>\n<p>Kui palju on meil s\u00fcnniga juba kaasa antud ja v\u00e4gi , j\u00f5ud elu edasi anda on meile juba sisse kodeeritud.<br \/>\nOleme loonud \u00f5htu, mis on p\u00fcha just sellep\u00e4rast, Sina naine tunneks seda ja lubaksid endale p\u00fchalikku, armastust t\u00e4is ruumi, kus saavad pinged lahustuda nii kehas kui meeltes.<br \/>\nIga kogemus, iga suhe, iga l\u00e4bielamine, ka raskemad hetked j\u00e4tavad meisse j\u00e4lje.<br \/>\nMeie emakas on tihedalt seotud meie n\u00e4rvis\u00fcsteemi, alateadvuse ja m\u00f5ttemaailmaga.<br \/>\nMeie ts\u00fckkel, emaks ja naiseks olemine , see on \u00fchtaegu suur v\u00e4ljakutse ja samas ka meie k\u00f5ige loomulikum, \u00fcrgsem olemus.<\/p>\n<p>Kuidas hoida seda osa endast puhta, tasakaalus ja helisevana?<br \/>\nSeda saad kogeda ja avastada naiste v\u00e4e\u00f5htul.<br \/>\nKoos loome turvalise ruumi, kus:<br \/>\n\u2013 teeme tunnetus- ja vabastamisharjutusi<br \/>\n\u2013 toetame keha ja meelt taimemaagia, v\u00e4rvide ja helivibratsioonidega<br \/>\n\u2013 liigume s\u00fcgavamale oma kehatarkusesse ja teadlikkusesse.<br \/>\n&#8212; Vabastame pinged emakast ja loome resursid uuenemiseks.<\/p>\n<p> Naised koos loovad v\u00e4e ja toetuse.<br \/>\nSaad \u00fchenduda oma esiemade tarkuse ja v\u00e4ega ning vabastada selle, mis ei kuulu enam sulle.<\/p>\n<p>V\u00f5imas koosloomine t\u00e4iskuu m\u00f5jude saatel.<br \/>\nNaine on oma v\u00e4es siis, kui ta on l\u00f5dvestunud, puhanud ja naudib naiseks olemist.<br \/>\nAnna omale v\u00f5imalus alustada elu tervete suhetega ja enda austamise ja vastuv\u00f5tmisega l\u00e4bi armastuse energia.<br \/>\n<\/div>\n            <\/div><br \/>\n<div class=\"accordion-section\">\n                <div class=\"accordion-header\" style=\"cursor:pointer; font-weight:bold; padding:10px; background:#f7f7f7; border:1px solid #ddd;\">\n                    Hinnainfo<span class=\"accordion-arrow\" style=\"float:right;\">&#x25BC;<\/span>\n                <\/div>\n                <div class=\"accordion-content\" style=\"display:none; padding:10px;\"><br \/>\nOsaluspanus: 38\u20ac<br \/>\nKohtade arv piiratud \u2013 kuni 8 naist, et iga\u00fcks saaks personaalse t\u00e4helepanu<\/p>\n<p>\u00d5htut hoiavad:<br \/>\nElo Meier \u2013 tunnetaja, energiate kanaldaja, oma v\u00e4es naine ja 4 lapse ema<br \/>\nKristiina K\u00e4rkk\u00e4nen \u2013 5 lapse ema, kehade maailmade juhendaja ning taimede, l\u00f5hnade ja helide v\u00f5lur<\/p>\n<p>Registreerimine ja info:<br \/>\ninfo@volustuudip.ee<br \/>\ntel.56651448<\/p>\n<p>Tule ja luba endal olla hoitud, n\u00e4htud ja oma v\u00e4es.<br \/>\n<\/div>\n            <\/div><br \/>\n<\/div>\n","protected":false},"excerpt":{"rendered":"<p>P\u00fcha ja p\u00fchalikus, naiseks olemise v\u00f5lu ja valu, armastus ja hirm k\u00f5ik meie elus k\u00e4sik\u00e4es. Naised on aeg teha \u00fcks v\u00e4ike restart iseendale ja lahti lasta k\u00f5ik see, mis tekitab pinget.<br \/>\nTunneta praegu kohe oma keha, oma vaagna piirkonda  ja \u00fctle endale olen vaba ja vaata mis tunne tuleb.<\/p>\n","protected":false},"featured_media":102079,"comment_status":"open","ping_status":"closed","template":"","meta":{"_et_pb_use_builder":"","_et_pb_old_content":"","_et_gb_content_width":""},"product_brand":[],"product_cat":[61],"product_tag":[],"class_list":{"0":"post-102069","1":"product","2":"type-product","3":"status-publish","4":"has-post-thumbnail","6":"product_cat-syndmused","8":"first","9":"instock","10":"virtual","11":"purchasable","12":"product-type-simple"},"_links":{"self":[{"href":"https:\/\/volustuudio.ee\/epood\/wp-json\/wp\/v2\/product\/102069","targetHints":{"allow":["GET"]}}],"collection":[{"href":"https:\/\/volustuudio.ee\/epood\/wp-json\/wp\/v2\/product"}],"about":[{"href":"https:\/\/volustuudio.ee\/epood\/wp-json\/wp\/v2\/types\/product"}],"replies":[{"embeddable":true,"href":"https:\/\/volustuudio.ee\/epood\/wp-json\/wp\/v2\/comments?post=102069"}],"wp:featuredmedia":[{"embeddable":true,"href":"https:\/\/volustuudio.ee\/epood\/wp-json\/wp\/v2\/media\/102079"}],"wp:attachment":[{"href":"https:\/\/volustuudio.ee\/epood\/wp-json\/wp\/v2\/media?parent=102069"}],"wp:term":[{"taxonomy":"product_brand","embeddable":true,"href":"https:\/\/volustuudio.ee\/epood\/wp-json\/wp\/v2\/product_brand?post=102069"},{"taxonomy":"product_cat","embeddable":true,"href":"https:\/\/volustuudio.ee\/epood\/wp-json\/wp\/v2\/product_cat?post=102069"},{"taxonomy":"product_tag","embeddable":true,"href":"https:\/\/volustuudio.ee\/epood\/wp-json\/wp\/v2\/product_tag?post=102069"}],"curies":[{"name":"wp","href":"https:\/\/api.w.org\/{rel}","templated":true}]}}