{"id":101748,"date":"2025-11-25T08:36:14","date_gmt":"2025-11-25T08:36:14","guid":{"rendered":"https:\/\/volustuudio.ee\/epood\/?post_type=product&#038;p=101748"},"modified":"2025-11-25T08:43:26","modified_gmt":"2025-11-25T08:43:26","slug":"kastani-salv","status":"publish","type":"product","link":"https:\/\/volustuudio.ee\/epood\/product\/kastani-salv\/","title":{"rendered":"Kastani Salv"},"content":{"rendered":"<div class=\"custom-accordion\"><br \/>\n<div class=\"accordion-section\">\n                <div class=\"accordion-header\" style=\"cursor:pointer; font-weight:bold; padding:10px; background:#f7f7f7; border:1px solid #ddd;\">\n                    Koostis<span class=\"accordion-arrow\" style=\"float:right;\">&#x25BC;<\/span>\n                <\/div>\n                <div class=\"accordion-content\" style=\"display:none; padding:10px;\"><\/p>\n<div class=\"xdj266r x14z9mp xat24cr x1lziwak x1vvkbs\">\n<p>Hobukastani <i>Aesculus hippocastanum<\/i> seemned e. munad , saialille \u00f5isikud (<i>Calendula officinalis<\/i>) , raudrohu \u00f5isikud (<i>Achillea millefolium<\/i>), oliivi\u00f5li \u2013 extra Virgin, viinamarjaseemne\u00f5li, mesilasvaha, astelpaju\u00f5li, tinktuur seene ja kastani, eeterlikud \u00f5lid \u2013lavendel, frankincense, sidrun, rosmariin, kamper ja Palju, palju Armastust! Energeetilist poolt toetavad \u00f5ieessentsid -raudrohu, k\u00f5rven\u00f5gese.<\/p>\n<\/div>\n<p><\/div>\n            <\/div><br \/>\n<div class=\"accordion-section\">\n                <div class=\"accordion-header\" style=\"cursor:pointer; font-weight:bold; padding:10px; background:#f7f7f7; border:1px solid #ddd;\">\n                    Hoiatus!<span class=\"accordion-arrow\" style=\"float:right;\">&#x25BC;<\/span>\n                <\/div>\n                <div class=\"accordion-content\" style=\"display:none; padding:10px;\"><\/p>\n<p>NB! Koostis erinevatel partiidel v\u00f5ib erineda m\u00f5nede komponentide osas.<br \/>\nKasuta ainult puhtale nahale!<br \/>\nHoiatus! Vastun\u00e4idustus \u2013 psoriaas, allergiad ja muud naha \u00e4rritused. Neeru puudulikusega kasutada ettevaatlikult. Kui tekkib \u00e4rritus l\u00f5peta kasutamine.<\/p>\n<p><\/div>\n            <\/div><br \/>\n<\/div>\n","protected":false},"excerpt":{"rendered":"<p><strong>Hobukastani salv on kingitus Sinu v\u00e4sinud ja turses jalgadele.<\/strong><\/p>\n<p>Hobukastani toime, parandab veresoonte seinte toonust; v\u00e4hendab kapillaaride<br \/>\nl\u00e4bilaskvust; v\u00e4hendab, kapillaaride haprust; leevendab p\u00f5letikku veeni luumenis ja<br \/>\n\u00fcmbritsevates kudedes ;parandab l\u00fcmfiringet ja venoosse v\u00e4ljavoolu; hoiab \u00e4ra<br \/>\nvereh\u00fc\u00fcvete moodustumise veenilaienditega; eemaldab toksiine; v\u00e4hendab naha\u00e4rritust<br \/>\n, v\u00e4hendab veenide seinte troofilisi kahjustusi, parandab kudede paranemist. Valu<br \/>\nvaigistava ja l\u00f5dvestava toimega.<br \/>\nHobukastani salv on veresooni puhastav ja turseid alandav. Sobib ka liigese probleemide<br \/>\nleevendamiseks, podagra puhul leevendab p\u00f5letikulisi protsesse. Veenilaiendite korral<br \/>\nm\u00e4\u00e4rida \u00f5rnalt 2 korda p\u00e4evas ja liigutustega alt \u00fclespoole.<\/p>\n","protected":false},"featured_media":101754,"comment_status":"open","ping_status":"closed","template":"","meta":{"_et_pb_use_builder":"","_et_pb_old_content":"","_et_gb_content_width":""},"product_brand":[],"product_cat":[65],"product_tag":[],"class_list":{"0":"post-101748","1":"product","2":"type-product","3":"status-publish","4":"has-post-thumbnail","6":"product_cat-looduslikud-kasitood","8":"first","9":"instock","10":"shipping-taxable","11":"purchasable","12":"product-type-variable"},"_links":{"self":[{"href":"https:\/\/volustuudio.ee\/epood\/wp-json\/wp\/v2\/product\/101748","targetHints":{"allow":["GET"]}}],"collection":[{"href":"https:\/\/volustuudio.ee\/epood\/wp-json\/wp\/v2\/product"}],"about":[{"href":"https:\/\/volustuudio.ee\/epood\/wp-json\/wp\/v2\/types\/product"}],"replies":[{"embeddable":true,"href":"https:\/\/volustuudio.ee\/epood\/wp-json\/wp\/v2\/comments?post=101748"}],"wp:featuredmedia":[{"embeddable":true,"href":"https:\/\/volustuudio.ee\/epood\/wp-json\/wp\/v2\/media\/101754"}],"wp:attachment":[{"href":"https:\/\/volustuudio.ee\/epood\/wp-json\/wp\/v2\/media?parent=101748"}],"wp:term":[{"taxonomy":"product_brand","embeddable":true,"href":"https:\/\/volustuudio.ee\/epood\/wp-json\/wp\/v2\/product_brand?post=101748"},{"taxonomy":"product_cat","embeddable":true,"href":"https:\/\/volustuudio.ee\/epood\/wp-json\/wp\/v2\/product_cat?post=101748"},{"taxonomy":"product_tag","embeddable":true,"href":"https:\/\/volustuudio.ee\/epood\/wp-json\/wp\/v2\/product_tag?post=101748"}],"curies":[{"name":"wp","href":"https:\/\/api.w.org\/{rel}","templated":true}]}}