{"id":101739,"date":"2025-10-24T06:04:38","date_gmt":"2025-10-24T06:04:38","guid":{"rendered":"https:\/\/volustuudio.ee\/epood\/?post_type=product&#038;p=101739"},"modified":"2025-10-28T06:29:33","modified_gmt":"2025-10-28T06:29:33","slug":"aura-soma-varvidega-tervendus-ja-eneseavastamine","status":"publish","type":"product","link":"https:\/\/volustuudio.ee\/epood\/product\/aura-soma-varvidega-tervendus-ja-eneseavastamine\/","title":{"rendered":"Aura-Soma\u00ae: V\u00e4rvidega Tervendus ja Eneseavastamine"},"content":{"rendered":"<div class=\"custom-accordion\"><br \/>\n<div class=\"accordion-section\">\n                <div class=\"accordion-header\" style=\"cursor:pointer; font-weight:bold; padding:10px; background:#f7f7f7; border:1px solid #ddd;\">\n                    Mis on Aura-Soma\u00ae?<span class=\"accordion-arrow\" style=\"float:right;\">&#x25BC;<\/span>\n                <\/div>\n                <div class=\"accordion-content\" style=\"display:none; padding:10px;\"><\/p>\n<div class=\"xdj266r x14z9mp xat24cr x1lziwak x1vvkbs\">\n<p style=\"font-weight: 400;\">Aura-Soma\u00ae s\u00fcsteemi rajaja Vicky Wall, farmatseut ja selgeltn\u00e4gija, on \u00f6elnud: &#8220;Me oleme need v\u00e4rvid, mida me valime ning need v\u00e4rvid peegeldavad meie olemuse t\u00f5elisi vajadusi.&#8221; Aura-Soma\u00ae \u00fchendab v\u00e4rvide, aroom\u00f5lide ja kristallide kasutamise, mille juured ulatuvad muistsetesse aegadesse Egiptuses, Kreekas, Hiinas ja Indias. See s\u00fcsteem taaselustati 1984. aastal, kui Vicky Wall andis v\u00e4rvidega tervendamisele kaasaegse vormi.<\/p>\n<\/div>\n<p><\/div>\n            <\/div><br \/>\n<div class=\"accordion-section\">\n                <div class=\"accordion-header\" style=\"cursor:pointer; font-weight:bold; padding:10px; background:#f7f7f7; border:1px solid #ddd;\">\n                    Aura-Soma\u00ae nime t\u00e4hendus<span class=\"accordion-arrow\" style=\"float:right;\">&#x25BC;<\/span>\n                <\/div>\n                <div class=\"accordion-content\" style=\"display:none; padding:10px;\"><\/p>\n<p style=\"font-weight: 400;\">S\u00f5na &#8220;Aura-Soma\u00ae&#8221; koosneb kahest osast: &#8220;Aura&#8221; t\u00e4hendab ladina keeles &#8220;valgus&#8221; v\u00f5i &#8220;\u00f5rn hingus&#8221;, &#8220;Soma&#8221; viitab kreeka keeles &#8220;kehale&#8221; ja sanskriti j\u00e4rgi &#8220;elu energiale&#8221;. Aura-Soma\u00ae aitab inimesel avastada oma isiklikku sisemist v\u00e4rvi \u2013 hinge olemust, ning \u00f5petab tunnetama ja valitsema nii sise- kui v\u00e4lismaailma eluenergiat.<\/p>\n<p><\/div>\n            <\/div><br \/>\n<div class=\"accordion-section\">\n                <div class=\"accordion-header\" style=\"cursor:pointer; font-weight:bold; padding:10px; background:#f7f7f7; border:1px solid #ddd;\">\n                    S\u00fcsteemi olemus ja taust<span class=\"accordion-arrow\" style=\"float:right;\">&#x25BC;<\/span>\n                <\/div>\n                <div class=\"accordion-content\" style=\"display:none; padding:10px;\"><\/p>\n<p style=\"font-weight: 400;\">Aura-Soma\u00ae v\u00e4rvis\u00fcsteem pakub iga\u00fchele v\u00f5imalust t\u00f6\u00f6tada oma vaimse ja emotsionaalse olemusega l\u00e4bi v\u00e4rvide. See on mittesekkuv, isiklikul valikul p\u00f5hinev vaimne s\u00fcsteem, mis j\u00e4tab vastutuse elu eest inimese enda kanda. S\u00fcsteem tugineb iidsetele teadmistele ning \u00fchendab Taro, Kabala, numeroloogia ja astroloogia elemente. Lisaks kasutatakse taimede energiaid, essents\u00f5lisid, ekstrakte ning kristallide ja v\u00e4\u00e4riskivide energiat, pakkudes eneseavastamist l\u00e4bi v\u00e4rvide. K\u00f5ik Aura-Soma\u00ae tooted valmistatakse armastuse ja hoolega, arvestades keha, hinge ja vaimu vajadusi.<\/p>\n<p><\/div>\n            <\/div><br \/>\n<div class=\"accordion-section\">\n                <div class=\"accordion-header\" style=\"cursor:pointer; font-weight:bold; padding:10px; background:#f7f7f7; border:1px solid #ddd;\">\n                    Equilibriumid: peamised t\u00f6\u00f6vahendid<span class=\"accordion-arrow\" style=\"float:right;\">&#x25BC;<\/span>\n                <\/div>\n                <div class=\"accordion-content\" style=\"display:none; padding:10px;\"><\/p>\n<p style=\"font-weight: 400;\">Aura-Soma\u00ae s\u00fcsteemi keskne instrument on Equilibriumide valik \u2013 122 erinevat 50 ml pudelit, mida kasutatakse diagnostika ja korrektsiooni eesm\u00e4rgil. Iga pudel sisaldab kahte vedelikku: eeterlikku \u00f5li ja veetinktuuri. Pudelit raputades segunevad need l\u00fchikeseks ajaks emulsiooniks, mis imendub kergesti nahka. Emulsiooni kasutatakse keha\u00f5lina, l\u00e4htudes chakrate v\u00e4rvikaardist.<\/p>\n<p><\/div>\n            <\/div><br \/>\n<div class=\"accordion-section\">\n                <div class=\"accordion-header\" style=\"cursor:pointer; font-weight:bold; padding:10px; background:#f7f7f7; border:1px solid #ddd;\">\n                    V\u00e4rvid ja keha: teaduslik taust<span class=\"accordion-arrow\" style=\"float:right;\">&#x25BC;<\/span>\n                <\/div>\n                <div class=\"accordion-content\" style=\"display:none; padding:10px;\"><\/p>\n<p style=\"font-weight: 400;\">Uuema teaduse ja aurade fotografeerimise meetodid on kinnitanud, et igale kehaosale vastab kindel v\u00e4rvus: n\u00e4iteks jalad ja suguorganid kiirgavad punast, keha alumine osa oran\u017e-kuldset, p\u00e4ikesep\u00f5imik ja magu kollast, rindkere rohelist jne. Vicky Walli s\u00f5nul on iga inimene elav vikerkaar.<\/p>\n<p style=\"font-weight: 400;\">Aura-Soma\u00ae l\u00e4htub ideest, et haigused tekivad siis, kui inimene ei leia oma kutsumust ega kohta elus, mis p\u00f5hjustab stressi ja blokeeringuid, mis omakorda v\u00e4ljenduvad f\u00fc\u00fcsilistes h\u00e4iretes. Ps\u00fchhoemotsionaalse tasakaalu puudumine m\u00f5jutab energiakeskusi ehk chakraid, mis muudab v\u00e4rvide tasakaalu auras ning kutsub esile muutusi emotsioonides ja kehas. Aura-Soma\u00ae eesm\u00e4rk on aidata inimesel ennast s\u00fcgavamalt m\u00f5ista, l\u00e4htudes p\u00f5him\u00f5ttest, et v\u00e4line maailm peegeldab meie sisemaailma.<\/p>\n<p><\/div>\n            <\/div><br \/>\n<div class=\"accordion-section\">\n                <div class=\"accordion-header\" style=\"cursor:pointer; font-weight:bold; padding:10px; background:#f7f7f7; border:1px solid #ddd;\">\n                    V\u00e4rvide roll ja m\u00f5ju<span class=\"accordion-arrow\" style=\"float:right;\">&#x25BC;<\/span>\n                <\/div>\n                <div class=\"accordion-content\" style=\"display:none; padding:10px;\"><\/p>\n<p style=\"font-weight: 400;\">V\u00e4rvid \u00fcmbritsevad meid s\u00fcnnihetkest saadik ning moodustavad osa k\u00f5igest, mida s\u00f6\u00f6me, joome v\u00f5i puudutame. V\u00e4rv on meie olemuse lahutamatu osa, kuigi sageli sellele t\u00e4helepanu ei p\u00f6\u00f6rata. Samas ei saa v\u00e4rvide suhtes \u00fcksk\u00f5ikseks j\u00e4\u00e4da, sest nad m\u00f5jutavad meie kodu, t\u00f6\u00f6- ja koolikeskkonda, tundeid, meeleolusid ja suhteid. Ka riiete v\u00e4rv peegeldab inimese iseloomu ja m\u00f5jutab ps\u00fc\u00fchikat.<\/p>\n<p style=\"font-weight: 400;\">V\u00e4rv on valguse osa, mis on elektromagnetilise energia lainepikkus, n\u00e4htav meie silmadele. K\u00f5ik v\u00e4rvid koos moodustavad valge valguse, mis s\u00fcmboliseerib t\u00e4iuslikkust ja \u00fchtsust.<\/p>\n<p style=\"font-weight: 400;\"><\/div>\n            <\/div><br \/>\n<div class=\"accordion-section\">\n                <div class=\"accordion-header\" style=\"cursor:pointer; font-weight:bold; padding:10px; background:#f7f7f7; border:1px solid #ddd;\">\n                    Kuidas v\u00e4rvid meid m\u00f5jutavad?<span class=\"accordion-arrow\" style=\"float:right;\">&#x25BC;<\/span>\n                <\/div>\n                <div class=\"accordion-content\" style=\"display:none; padding:10px;\"><\/p>\n<ul>\n<li>V\u00e4rvus on hinge keel, mida tunnevad k\u00f5ik elusolendid.<\/li>\n<li>V\u00e4rvid m\u00f5jutavad meeleolu ja emotsioone.<\/li>\n<li>V\u00e4rvid muudavad tajumisviise (nt heledad toonid teevad ruumi suuremaks).<\/li>\n<li>V\u00e4rvidel on s\u00fcmboolne t\u00e4hendus, mis registreeritakse alateadvuses.<\/li>\n<li>V\u00e4rvide t\u00e4hendus ja m\u00f5ju erineb kultuuriti ja isikuti.<\/li>\n<li>V\u00e4rvid m\u00f5jutavad keha energia liikumist ja hulka.<\/li>\n<li>V\u00e4rvid annavad tagasisidet meie kohta ja nad on meie hinge peegel.<\/li>\n<\/ul>\n<p>&nbsp;<\/p>\n<p><\/div>\n            <\/div><br \/>\n<div class=\"accordion-section\">\n                <div class=\"accordion-header\" style=\"cursor:pointer; font-weight:bold; padding:10px; background:#f7f7f7; border:1px solid #ddd;\">\n                    P\u00f5hjus ja tagaj\u00e4rg: t\u00f5eline tervenemine<span class=\"accordion-arrow\" style=\"float:right;\">&#x25BC;<\/span>\n                <\/div>\n                <div class=\"accordion-content\" style=\"display:none; padding:10px;\"><\/p>\n<p style=\"font-weight: 400;\">T\u00f5eline tervenemine v\u00e4rvide kaudu saab toimuda siis, kui olukorra p\u00f5hjus on adresseeritud ja transformeeritud. Kui tervenemine varjab s\u00fcmptomeid, j\u00e4\u00e4b p\u00f5hjus peidetuks kehas. Keha on meie hinge ja vaimu v\u00e4lise seisundi peegel. Seet\u00f5ttu annab ainult f\u00fc\u00fcsilisele kehale suunatud tervendamine ajutise energias\u00f6\u00f6stu, kuid pikaajaline tervenemine saabub algp\u00f5hjuse leidmisel ja k\u00e4sitlemisel.<\/p>\n<p><\/div>\n            <\/div><br \/>\n<div class=\"accordion-section\">\n                <div class=\"accordion-header\" style=\"cursor:pointer; font-weight:bold; padding:10px; background:#f7f7f7; border:1px solid #ddd;\">\n                    P\u00f5hjus ja tagaj\u00e4rg: t\u00f5eline tervenemine<span class=\"accordion-arrow\" style=\"float:right;\">&#x25BC;<\/span>\n                <\/div>\n                <div class=\"accordion-content\" style=\"display:none; padding:10px;\"><\/p>\n<p style=\"font-weight: 400;\">V\u00e4rvide abil saab liikuma panna v\u00e4sinud v\u00f5i haige keha, kui inimene ise teeb sobiva v\u00e4rvivaliku vastavalt kehas, hinges ja vaimus valitsevale hetkeolukorrale. Aura-Soma\u00ae konsultatsioon p\u00f5hineb isiklikul vabal valikul Equilibriumi pudelite seast, mis on v\u00f5tmet\u00e4htsusega konsultatsiooniprotsessis.<\/p>\n<p style=\"font-weight: 400;\">Konsultatsioon algab sellega, et inimene vaatleb v\u00e4rvik\u00fcllaseid pudeleid ning valib v\u00e4lja neli, mis k\u00f5ige rohkem k\u00f5netavad v\u00f5i silma hakkavad. Selle k\u00e4igus s\u00fcvenetakse inimese olukorda, avastatakse mustreid, v\u00e4ljakutseid ja andeid, mis tulevad esile v\u00e4rvide valikust. V\u00e4rvivalik annab aimu inimese arengupotentsiaalist ja elumuutustest.<\/p>\n<p style=\"font-weight: 400;\">Valik tehakse intuitiivselt ja alateadlikult, valides just need v\u00e4rvid, mida hetkel enim vajatakse. Eksida ei saa, mist\u00f5ttu soovitatakse valikut mitte muuta. Konsultatsiooni k\u00e4igus avanevad uued v\u00e4ljakutsed ja anded, mis heidavad valgust inimese aurasse.<\/p>\n<p><\/div>\n            <\/div><br \/>\n<div class=\"accordion-section\">\n                <div class=\"accordion-header\" style=\"cursor:pointer; font-weight:bold; padding:10px; background:#f7f7f7; border:1px solid #ddd;\">\n                    Equilibriumid: uuenduslik hingeteraapia<span class=\"accordion-arrow\" style=\"float:right;\">&#x25BC;<\/span>\n                <\/div>\n                <div class=\"accordion-content\" style=\"display:none; padding:10px;\"><\/p>\n<p style=\"font-weight: 400;\">Aura-Soma\u00ae on uuenduslik l\u00e4henemine hingeteraapiale, mis p\u00f5hineb kahev\u00e4rvilistel Equilibriumi pudelitel e. tasakaalu pudelitel. Need sisaldavad taimede ekstrakte, aroomi\u00f5lisid ning v\u00e4\u00e4ris- ja poolv\u00e4\u00e4riskivide kristallilist energiat. Pudelite vedelikes sisalduv k\u00f5rgsageduslik energia m\u00f5jutab inimese aurat ja keha rakke, aidates taastada ja s\u00e4ilitada tasakaalu keha, meele ja vaimu vahel.<\/p>\n<p><\/div>\n            <\/div><br \/>\n<div class=\"accordion-section\">\n                <div class=\"accordion-header\" style=\"cursor:pointer; font-weight:bold; padding:10px; background:#f7f7f7; border:1px solid #ddd;\">\n                    Konsultatsiooni v\u00f5imalused ja hinnad<span class=\"accordion-arrow\" style=\"float:right;\">&#x25BC;<\/span>\n                <\/div>\n                <div class=\"accordion-content\" style=\"display:none; padding:10px;\"><\/div>\n            <\/div><\/p>\n<div><span lang=\"ET\">Kui tunned huvi, milline v\u00e4rv Sind praegu k\u00f5netab, mida see Sinu kohta r\u00e4\u00e4gib ja kuidas ennast toetada, oled oodatud Aura-Soma\u00ae konsultatsioonile \u2013 kas kohapeal v\u00f5i veebis.\u00a0\u00a0\u00a0\u00a0\u00a0\u00a0\u00a0\u00a0\u00a0\u00a0\u00a0\u00a0\u00a0\u00a0\u00a0\u00a0\u00a0\u00a0\u00a0\u00a0\u00a0\u00a0\u00a0\u00a0\u00a0\u00a0\u00a0\u00a0\u00a0 \u00a0Kohapeal on v\u00f5imalik saada aura puhastus ja energiate tasakaalustamise seanss. <\/span><\/div>\n<p>&nbsp;<\/p>\n<p><\/div>\n","protected":false},"excerpt":{"rendered":"","protected":false},"featured_media":101741,"comment_status":"open","ping_status":"closed","template":"","meta":{"_et_pb_use_builder":"","_et_pb_old_content":"","_et_gb_content_width":""},"product_brand":[],"product_cat":[57],"product_tag":[],"class_list":{"0":"post-101739","1":"product","2":"type-product","3":"status-publish","4":"has-post-thumbnail","6":"product_cat-konsultatsioon","8":"first","9":"instock","10":"virtual","11":"purchasable","12":"product-type-simple"},"_links":{"self":[{"href":"https:\/\/volustuudio.ee\/epood\/wp-json\/wp\/v2\/product\/101739","targetHints":{"allow":["GET"]}}],"collection":[{"href":"https:\/\/volustuudio.ee\/epood\/wp-json\/wp\/v2\/product"}],"about":[{"href":"https:\/\/volustuudio.ee\/epood\/wp-json\/wp\/v2\/types\/product"}],"replies":[{"embeddable":true,"href":"https:\/\/volustuudio.ee\/epood\/wp-json\/wp\/v2\/comments?post=101739"}],"wp:featuredmedia":[{"embeddable":true,"href":"https:\/\/volustuudio.ee\/epood\/wp-json\/wp\/v2\/media\/101741"}],"wp:attachment":[{"href":"https:\/\/volustuudio.ee\/epood\/wp-json\/wp\/v2\/media?parent=101739"}],"wp:term":[{"taxonomy":"product_brand","embeddable":true,"href":"https:\/\/volustuudio.ee\/epood\/wp-json\/wp\/v2\/product_brand?post=101739"},{"taxonomy":"product_cat","embeddable":true,"href":"https:\/\/volustuudio.ee\/epood\/wp-json\/wp\/v2\/product_cat?post=101739"},{"taxonomy":"product_tag","embeddable":true,"href":"https:\/\/volustuudio.ee\/epood\/wp-json\/wp\/v2\/product_tag?post=101739"}],"curies":[{"name":"wp","href":"https:\/\/api.w.org\/{rel}","templated":true}]}}