{"id":101592,"date":"2025-08-18T19:03:38","date_gmt":"2025-08-18T19:03:38","guid":{"rendered":"https:\/\/volustuudio.ee\/epood\/?post_type=product&#038;p=101592"},"modified":"2025-08-18T19:22:28","modified_gmt":"2025-08-18T19:22:28","slug":"vaimset-tervist-toetav-tootuba-meditatsioon-ja-helirannak","status":"publish","type":"product","link":"https:\/\/volustuudio.ee\/epood\/product\/vaimset-tervist-toetav-tootuba-meditatsioon-ja-helirannak\/","title":{"rendered":"Vaimset tervist toetav t\u00f6\u00f6tuba -Meditatsioon ja helir\u00e4nnak"},"content":{"rendered":"<div class=\"custom-accordion\"><br \/>\n<div class=\"accordion-section\">\n                <div class=\"accordion-header\" style=\"cursor:pointer; font-weight:bold; padding:10px; background:#f7f7f7; border:1px solid #ddd;\">\n                    Miks valida OSHO aktiivne meditatsioon?<span class=\"accordion-arrow\" style=\"float:right;\">&#x25BC;<\/span>\n                <\/div>\n                <div class=\"accordion-content\" style=\"display:none; padding:10px;\"><\/p>\n<div><span lang=\"ET\">Erinevalt traditsioonilisest vaikuses istumisest on OSHO meditatsioonid \u00fcles ehitatud liikumise, hingamise, heli ja vaikuse etappidele. Need aitavad vabastada kehasse kogunenud pingeid, vaigistada m\u00f5tted ning avada s\u00fcgavama rahu ja kohalolu ruumi.<\/span><\/div>\n<p><\/div>\n            <\/div><br \/>\n<div class=\"accordion-section\">\n                <div class=\"accordion-header\" style=\"cursor:pointer; font-weight:bold; padding:10px; background:#f7f7f7; border:1px solid #ddd;\">\n                    \ud83e\uddd8\u200d\u2640\ufe0f Mida t\u00f6\u00f6tuba sisaldab?<span class=\"accordion-arrow\" style=\"float:right;\">&#x25BC;<\/span>\n                <\/div>\n                <div class=\"accordion-content\" style=\"display:none; padding:10px;\"><\/p>\n<ul style=\"font-weight: 400;\">\n<li>Grupile sobiva OSHO aktiivse meditatsiooni valib juhendaja (valikus on 12 erinevat t\u00fc\u00fcpi)<\/li>\n<li>Meditatsioon koosneb etappidest \u2013 hingamine, liikumine, helid, l\u00f5dvestus<\/li>\n<li>Juhendatud sissejuhatus ja l\u00fchike tutvustus enne praktikat<\/li>\n<li>Meditatsiooni kogupikkus koos jagamisringi ja taimetee nautimisega: <strong>ca 1,5 tundi<\/strong><\/li>\n<li><strong>Sobib alates 18. eluaastast<\/strong><\/li>\n<li>Osalejate arv on paindlik \u2013 sobib nii v\u00e4iksemale kui suuremale grupile<\/li>\n<\/ul>\n<p style=\"font-weight: 400;\">\ud83d\udcab <strong>Toetav ja turvaline keskkond, kus iga\u00fcks saab liikuda ja olla omas r\u00fctmis.<\/strong><\/p>\n<p style=\"font-weight: 400;\"><strong>Ja sooviks ka \u00fche uue tellitava\u00a0 koolituse juurde lisada.<\/strong><\/p>\n<p style=\"font-weight: 400;\"><strong>Koolitus\u00a0 kollektiivile v\u00f5i s\u00f5pruskonnale.<\/strong><\/p>\n<p><\/div>\n            <\/div><br \/>\n<\/div>\n","protected":false},"excerpt":{"rendered":"<p style=\"font-weight: 400;\"><strong>Teadlik liikumine. S\u00fcgavam kohalolu. L\u00f5\u00f5gastus l\u00e4bi keha.<\/strong><\/p>\n<p style=\"font-weight: 400;\">Kutsume sind ja sinu gruppi kogema <strong>OSHO aktiivset meditatsiooni<\/strong> \u2013 see ei ole vaikne istumine, vaid kehaga l\u00e4bi tunnetatud teekond iseendani. Meditatsioon sobib nii algajale kui ka kogenud praktiseerijale.<\/p>\n","protected":false},"featured_media":100997,"comment_status":"open","ping_status":"closed","template":"","meta":{"_et_pb_use_builder":"","_et_pb_old_content":"","_et_gb_content_width":""},"product_brand":[],"product_cat":[64],"product_tag":[],"class_list":{"0":"post-101592","1":"product","2":"type-product","3":"status-publish","4":"has-post-thumbnail","6":"product_cat-koolitused-ja-opitoad","8":"first","9":"instock","10":"shipping-taxable","11":"product-type-simple"},"_links":{"self":[{"href":"https:\/\/volustuudio.ee\/epood\/wp-json\/wp\/v2\/product\/101592","targetHints":{"allow":["GET"]}}],"collection":[{"href":"https:\/\/volustuudio.ee\/epood\/wp-json\/wp\/v2\/product"}],"about":[{"href":"https:\/\/volustuudio.ee\/epood\/wp-json\/wp\/v2\/types\/product"}],"replies":[{"embeddable":true,"href":"https:\/\/volustuudio.ee\/epood\/wp-json\/wp\/v2\/comments?post=101592"}],"wp:featuredmedia":[{"embeddable":true,"href":"https:\/\/volustuudio.ee\/epood\/wp-json\/wp\/v2\/media\/100997"}],"wp:attachment":[{"href":"https:\/\/volustuudio.ee\/epood\/wp-json\/wp\/v2\/media?parent=101592"}],"wp:term":[{"taxonomy":"product_brand","embeddable":true,"href":"https:\/\/volustuudio.ee\/epood\/wp-json\/wp\/v2\/product_brand?post=101592"},{"taxonomy":"product_cat","embeddable":true,"href":"https:\/\/volustuudio.ee\/epood\/wp-json\/wp\/v2\/product_cat?post=101592"},{"taxonomy":"product_tag","embeddable":true,"href":"https:\/\/volustuudio.ee\/epood\/wp-json\/wp\/v2\/product_tag?post=101592"}],"curies":[{"name":"wp","href":"https:\/\/api.w.org\/{rel}","templated":true}]}}