{"id":101454,"date":"2025-07-01T09:59:12","date_gmt":"2025-07-01T09:59:12","guid":{"rendered":"https:\/\/volustuudio.ee\/epood\/?post_type=product&#038;p=101454"},"modified":"2025-10-06T17:44:04","modified_gmt":"2025-10-06T17:44:04","slug":"remag-480ml-remag-120ml","status":"publish","type":"product","link":"https:\/\/volustuudio.ee\/epood\/product\/remag-480ml-remag-120ml\/","title":{"rendered":"ReMag\u00ae 480ml + ReMag\u00ae 120ml"},"content":{"rendered":"<div class=\"custom-accordion\"><br \/>\n<div class=\"accordion-section\">\n                <div class=\"accordion-header\" style=\"cursor:pointer; font-weight:bold; padding:10px; background:#f7f7f7; border:1px solid #ddd;\">\n                    Kirjeldus<span class=\"accordion-arrow\" style=\"float:right;\">&#x25BC;<\/span>\n                <\/div>\n                <div class=\"accordion-content\" style=\"display:none; padding:10px;\"><\/p>\n<p>RnA ReSet\u00ae tooted seavad uue standardi, kuidas l\u00e4heneda toitainep\u00f5histele eesm\u00e4rkidele.<\/p>\n<p>Me m\u00f5istame, et kurnatud pinnas ja t\u00f6\u00f6deldud toit kahandavad m\u00e4rkimisv\u00e4\u00e4rselt oluliste toitainete sisaldust organismis. T\u00e4nap\u00e4eva tarbija vajab terviklikke tooteid, mis vastavad looduse enda valitud funktsioonidele ja imendumise standarditele.<\/p>\n<p>Me toetume inimkeha bioloogiliste s\u00fcsteemide intelligentsele disainile ja usume, et sobivate toitainete olemasolul suudab organism asjakohaselt toetada rakkude, kudede, luude ja\/v\u00f5i elundite struktuure ja funktsioone.<\/p>\n<p>Toote omadused<\/p>\n<p>Stabiliseeritud piko-iooniline vedel magneesium (60 000 ppm)<br \/>\nArsti poolt v\u00e4lja t\u00f6\u00f6tatud teadusp\u00f5hine vedel magneesium<br \/>\nT\u00e4ielik imendumine rakutasandil (99,98%)<br \/>\nOluline kogu keha tervisele<br \/>\nStabiliseeritud piko-iooniline magneesium ei m\u00f5ju lahtistavalt vajadusp\u00f5hise manustamise korral<br \/>\nErinevad toote pakendid sisaldavad: 240ml 96 portsjonit, 480ml 192 portsjonit<\/p>\n<p><\/div>\n            <\/div><br \/>\n<div class=\"accordion-section\">\n                <div class=\"accordion-header\" style=\"cursor:pointer; font-weight:bold; padding:10px; background:#f7f7f7; border:1px solid #ddd;\">\n                    Kuidas kasutada?<span class=\"accordion-arrow\" style=\"float:right;\">&#x25BC;<\/span>\n                <\/div>\n                <div class=\"accordion-content\" style=\"display:none; padding:10px;\"><\/p>\n<p>P\u00e4evaseks tarbimiseks soovitatav kogus ja tarbimisjuhend:<\/p>\n<p>V\u00f5tta 1,25ml kuni 2,5ml (2,5 pipetit\u00e4it) toodet ja lahjendada 1l (liitrisse) vette. Juua lahust lonkshaaval kogu p\u00e4eva jooksul. NB! Mitte juua lahjendamata toodet! Kasutades toodet esimest korda, alustage v\u00e4iksemast kogusest (0,5ml) ja suurendage annust j\u00e4rk-j\u00e4rgult. V\u00f5ib tarbida koos toiduga v\u00f5i ilma. Samasse 1l veelahusesse v\u00f5ib lisada teisi RnA ReSet\u00aei stabiliseeritud piko-ioonilisi<br \/>\ntoidulisandeid (Pico Potassium\u00ae, ReMyte\u00ae, ReCalcia\u00ae).<\/p>\n<p>Manustamise lihtsustamiseks on tootega kaasas 1ml pipett. Suure kontsentratsiooni t\u00f5ttu v\u00f5ib esineda tootel loomulikku kristalliseerumist. See ei m\u00f5juta toote kvaliteeti.<\/p>\n<p>Mineraalaine maitse leevendamiseks v\u00f5ib joogilahusesse lisada marjamaitselist Vitamin C ReSet\u00ae joogipulbrit v\u00f5i teisi naturaalseid maitse leevendajaid (nt sidrunimahla).<\/p>\n<p>Mitte \u00fcletada p\u00e4evaseks tarbimiseks soovitatavat kogust! Toidulisandit ei kasutata mitmekesise toitumise asendajana. Oluline on toituda mitmek\u00fclgselt ja tasakaalustatult ning harrastada tervislikku elustiili. Hoida toodet lastele k\u00e4ttesaamatus kohas!<\/p>\n<p>S\u00e4ilitamine: Hoida tihedalt suletuna toatemperatuuril kuivas kohas otsese p\u00e4ikesevalguse eest kaitstult.<\/p>\n<p><a href=\"https:\/\/volustuudio.ee\/epood\/wp-content\/uploads\/2025\/03\/ReMag-manustamine.pdf\"><strong>Magneesiumi manustamise juhendi leiad siit!<\/strong><\/a><\/p>\n<p><\/div>\n            <\/div><br \/>\n<div class=\"accordion-section\">\n                <div class=\"accordion-header\" style=\"cursor:pointer; font-weight:bold; padding:10px; background:#f7f7f7; border:1px solid #ddd;\">\n                    Koostis<span class=\"accordion-arrow\" style=\"float:right;\">&#x25BC;<\/span>\n                <\/div>\n                <div class=\"accordion-content\" style=\"display:none; padding:10px;\"><\/p>\n<p><strong>Koostisosad<\/strong>: vesi (p\u00f6\u00f6rdosmoosvesi), magneesiumkloriid.<\/p>\n<p><strong>Kontsentratsioon<\/strong>: 60 000 ppm (osakesi miljoni kohta)<\/p>\n<p>Suure kontsentratsiooni t\u00f5ttu v\u00f5ib esineda tootel loomulikku kristalliseerumist. See ei m\u00f5juta toote kvaliteeti.<\/p>\n<p><strong>Ei sisalda<\/strong> gluteeni, p\u00e4rmi, piimatooteid, muna, soja, nisu, suhkrut, t\u00e4rklist, maisi, kunstlikke maitse-, v\u00e4rv- ja s\u00e4ilitusaineid ega loomseid k\u00f5rvalsaadusi. GMO vaba. Sobib veganitele.<\/p>\n<p><\/div>\n            <\/div><br \/>\n<\/div>\n","protected":false},"excerpt":{"rendered":"<p>ReMag\u00ae Liquid Magnesium, 480ml + 120ml (toidulisand magneesiumiga)<\/p>\n<p>Toote omadused<\/p>\n<p>Stabiliseeritud piko-iooniline vedel magneesium (60 000 ppm)<br \/>\nArsti poolt v\u00e4lja t\u00f6\u00f6tatud teadusp\u00f5hine vedel magneesium<br \/>\nT\u00e4ielik imendumine rakutasandil (99,98%)<br \/>\nOluline kogu keha tervisele<br \/>\nStabiliseeritud piko-iooniline magneesium ei m\u00f5ju lahtistavalt vajadusp\u00f5hise manustamise korral<br \/>\nMagneesium aitab kaasa normaalsele lihaste (sh s\u00fcdame lihas) ja n\u00e4rvis\u00fcsteemi talitlusele, energiavahetusele ja elektrol\u00fc\u00fctide tasakaalule. Aitab v\u00e4hendada v\u00e4simust ja kurnatust. Aitab s\u00e4ilitada luude ja hammaste tervist. Magneesium osaleb rakujagunemise protsessis ja aitab kaasa normaalsele valgus\u00fcnteesile.<\/p>\n<p>Inimese organism ei suuda magneesiumit ise s\u00fcnteesida ja seet\u00f5ttu on meie varud piiratud.<\/p>\n","protected":false},"featured_media":101721,"comment_status":"open","ping_status":"closed","template":"","meta":{"_et_pb_use_builder":"","_et_pb_old_content":"","_et_gb_content_width":""},"product_brand":[],"product_cat":[59],"product_tag":[],"class_list":{"0":"post-101454","1":"product","2":"type-product","3":"status-publish","4":"has-post-thumbnail","6":"product_cat-komplektid","8":"first","9":"instock","10":"shipping-taxable","11":"purchasable","12":"product-type-simple"},"_links":{"self":[{"href":"https:\/\/volustuudio.ee\/epood\/wp-json\/wp\/v2\/product\/101454","targetHints":{"allow":["GET"]}}],"collection":[{"href":"https:\/\/volustuudio.ee\/epood\/wp-json\/wp\/v2\/product"}],"about":[{"href":"https:\/\/volustuudio.ee\/epood\/wp-json\/wp\/v2\/types\/product"}],"replies":[{"embeddable":true,"href":"https:\/\/volustuudio.ee\/epood\/wp-json\/wp\/v2\/comments?post=101454"}],"wp:featuredmedia":[{"embeddable":true,"href":"https:\/\/volustuudio.ee\/epood\/wp-json\/wp\/v2\/media\/101721"}],"wp:attachment":[{"href":"https:\/\/volustuudio.ee\/epood\/wp-json\/wp\/v2\/media?parent=101454"}],"wp:term":[{"taxonomy":"product_brand","embeddable":true,"href":"https:\/\/volustuudio.ee\/epood\/wp-json\/wp\/v2\/product_brand?post=101454"},{"taxonomy":"product_cat","embeddable":true,"href":"https:\/\/volustuudio.ee\/epood\/wp-json\/wp\/v2\/product_cat?post=101454"},{"taxonomy":"product_tag","embeddable":true,"href":"https:\/\/volustuudio.ee\/epood\/wp-json\/wp\/v2\/product_tag?post=101454"}],"curies":[{"name":"wp","href":"https:\/\/api.w.org\/{rel}","templated":true}]}}