{"id":101195,"date":"2025-03-18T19:49:23","date_gmt":"2025-03-18T19:49:23","guid":{"rendered":"http:\/\/volustuudio.ee\/epood\/?post_type=product&#038;p=101195"},"modified":"2026-04-01T23:35:00","modified_gmt":"2026-04-01T20:35:00","slug":"remag-480ml-2x-vitamin-c-reset-420g","status":"publish","type":"product","link":"https:\/\/volustuudio.ee\/epood\/product\/remag-480ml-2x-vitamin-c-reset-420g\/","title":{"rendered":"ReMag\u00ae 480ml (2x) + Vitamin C Reset\u00ae 420g"},"content":{"rendered":"<div class=\"custom-accordion\"><br \/>\n<div class=\"accordion-section\">\n                <div class=\"accordion-header\" style=\"cursor:pointer; font-weight:bold; padding:10px; background:#f7f7f7; border:1px solid #ddd;\">\n                    Kirjeldus<span class=\"accordion-arrow\" style=\"float:right;\">&#x25BC;<\/span>\n                <\/div>\n                <div class=\"accordion-content\" style=\"display:none; padding:10px;\"><\/p>\n<p><strong>Parim kombo stressi ja \u00e4revuse vastu! Parem unekvaliteet ja keskendumine!<br \/>\n<\/strong>Alusta uue ja tervisliku mina \u00fclesehitamist sellest, et toidad oma rakke mineraalainetega, mis toetavad sinu optimaalset tervist ja heaolu. Komplekt, millesse kuuluvad RnA ReSet\u00ae tooted ReMag\u00ae Liquid Magnesium ja Vitamin C Reset\u00ae joogipulber sobivad suurep\u00e4raselt inimesele, kes soovib oma organismi igap\u00e4evast piisavat magneesiumi taset saavutada v\u00f5i s\u00e4ilitada koos Vitamin C Reset\u00ae joogipulbris sisalduva C-vitamiiniga, mis on asendamatu viiruste hooajal, kuna toetab immuunsust ja aitab teistel vitamiinidel imenduda.<\/p>\n<p><strong>ReMag\u00ae Liquid Magnesium, 480ml <\/strong>&#8211; toidulisand stabiliseeritud piko-ioonilise vedela magneesiumiga<br \/>\nReMag\u00ae Liquid Magnesium on v\u00e4lja t\u00f6\u00f6tatud dr Carolyn Dean`i poolt, kasutades patenteeritud tehnoloogiat. Seda v\u00f5ib pidada parimaks magneesiumiks, mis on tarbijatele k\u00e4ttesaadav.<\/p>\n<p>Inimese organism ei suuda magneesiumi ise s\u00fcnteesida ja seet\u00f5ttu on meie varud piiratud. Magneesium aitab kaasa normaalsele lihaste t\u00f6\u00f6le, energiavahetusele ja elektrol\u00fc\u00fctide tasakaalule. Aitab v\u00e4hendada v\u00e4simust ja kurnatust. Magneesium osaleb rakujagunemise protsessis ja aitab kaasa normaalsele valgus\u00fcnteesile.<\/p>\n<p><strong>Toote omadused<\/strong><\/p>\n<ul>\n<li>Stabiliseeritud piko-iooniline vedel magneesium (60 000 ppm)<\/li>\n<li>Arsti poolt v\u00e4lja t\u00f6\u00f6tatud teadusp\u00f5hine vedel magneesium<\/li>\n<li>T\u00e4ielikult imenduv rakutasandil!<\/li>\n<li>Oluline kogu keha tervisele<\/li>\n<li>Stabiliseeritud piko-iooniline magneesium ei m\u00f5ju lahtistavalt vajadusp\u00f5hise manustamise korral<\/li>\n<\/ul>\n<p><strong>Vitamin C Reset\u00ae, 420g <\/strong>-marjamaitseline joogipulber<\/p>\n<p>C-vitamiin on oluline vees lahustuv vitamiin, mida keha ise ei suuda toota ning seet\u00f5ttu peab seda saama toidust v\u00f5i toidulisanditest. Vitamiin C toetab n\u00e4rvi- ja immuuns\u00fcsteemi, aitab kaasa kollageeni normaalsele moodustumisele; veresoonte, luude, k\u00f5hrkoe, igemete, naha ja hammaste normaalseks talitluseks.<\/p>\n<p><\/div>\n            <\/div><br \/>\n<div class=\"accordion-section\">\n                <div class=\"accordion-header\" style=\"cursor:pointer; font-weight:bold; padding:10px; background:#f7f7f7; border:1px solid #ddd;\">\n                    Kuidas kasutada?<span class=\"accordion-arrow\" style=\"float:right;\">&#x25BC;<\/span>\n                <\/div>\n                <div class=\"accordion-content\" style=\"display:none; padding:10px;\"><\/p>\n<p><strong>M\u00f5lemad tooted v\u00f5ib korraga lahustada samasse 1 liitrisse veelahusesse!<\/strong><\/p>\n<p><strong>ReMag\u00ae Liquid Magnesium, 480ml<br \/>\n<\/strong><strong>P\u00e4evaseks tarbimiseks soovitatav kogus ning tarbimisjuhend:\u00a0<\/strong><\/p>\n<p>V\u00f5tta 1,25ml kuni 2,5ml (2,5 pipetit\u00e4it) toodet ja lahjendada 1l (liitrisse) vette. Juua lahust lonkshaaval kogu p\u00e4eva jooksul.\u00a0<strong>NB! Mitte juua lahjendamata toodet!\u00a0<\/strong>Kasutades toodet esimest korda, alustage v\u00e4iksemast kogusest (0,5ml) ja suurendage annust j\u00e4rk-j\u00e4rgult. V\u00f5ib tarbida koos toiduga v\u00f5i ilma.<\/p>\n<p>Manustamise lihtsustamiseks on tootega kaasas 1ml m\u00f5\u00f5tepipett.<br \/>\nMitte \u00fcletada p\u00e4evaseks tarbimiseks soovitatavat kogust! Oluline on toituda mitmek\u00fclgselt ja tasakaalustatult ning harrastada tervislikku elustiili! Mitte kasutada toidulisandit mitmekesise toitumise asendajana!<\/p>\n<p>Suure kontsentratsiooni t\u00f5ttu v\u00f5ib esineda toodetel loomulikku kristalliseerumist, mis ei m\u00f5juta toote kvaliteeti.<\/p>\n<p><a title=\"https:\/\/cdn.shopify.com\/s\/files\/1\/0873\/1751\/2502\/files\/ReMag-manustamine.pdf?v=1737994154\" href=\"https:\/\/volustuudio.ee\/epood\/wp-content\/uploads\/2025\/03\/ReMag-manustamine.pdf\" target=\"_blank\" rel=\"noopener\"><strong>MAGNEESIUMI MANUSTAMISE JUHENDI LEIAD SIIT!<\/strong><\/a><\/p>\n<p><strong>Vitamin C Reset\u00ae joogipulber, 420g<\/strong><\/p>\n<p><strong>P\u00e4evaseks tarbimiseks soovitatav kogus ning tarbimisjuhend:<\/strong><\/p>\n<p>V\u00f5tta 1 m\u00f5\u00f5tlusikat\u00e4is (7 grammi) pulbrit ja segada 240-480ml puhta veega ning juua kogu p\u00e4eva jooksul. Juhul, kui toote maitse tundub liiga intensiivne, v\u00f5ib suurendada vee kogust 1 liitrini. Samuti v\u00f5ib pulbrit lisada smuutile v\u00f5i (ReStructure\u00ae) valgu\u0161eigile.<br \/>\nMitte \u00fcletada p\u00e4evaseks tarbimiseks soovitatavat kogust! Oluline on toituda mitmek\u00fclgselt ja tasakaalustatult ning harrastada tervislikku elustiili! Mitte kasutada toidulisandit mitmekesise toitumise asendajana!<\/p>\n<p>NB! \u00dcle 1000mg C-vitamiini p\u00e4evas v\u00f5ib p\u00f5hjustada tundlikel inimestel kergeid seedeh\u00e4ireid. Pikaajaline liigne C-vitamiini tarbimine v\u00f5ib soodustada neerukivide teket v\u00f5i neerukahjustusi.<\/p>\n<p><strong>S\u00e4ilitamine:\u00a0<\/strong>Hoida tihedalt suletuna toatemperatuuril kuivas kohas otsese p\u00e4ikesevalguse eest kaitstult.<\/p>\n<p><\/div>\n            <\/div><br \/>\n<div class=\"accordion-section\">\n                <div class=\"accordion-header\" style=\"cursor:pointer; font-weight:bold; padding:10px; background:#f7f7f7; border:1px solid #ddd;\">\n                    Koostis<span class=\"accordion-arrow\" style=\"float:right;\">&#x25BC;<\/span>\n                <\/div>\n                <div class=\"accordion-content\" style=\"display:none; padding:10px;\"><\/p>\n<p><strong>ReMag\u00ae Liquid Magnesium, 480ml<\/strong><\/p>\n<p><strong>Koostisosad<\/strong>: vesi (p\u00f6\u00f6rdosmoosvesi), magneesiumkloriid.<br \/>\n<strong>Kontsentratsioon<\/strong>: 60 000 ppm (osakesi miljoni kohta)<br \/>\n<strong>Ei sisalda\u00a0<\/strong>gluteeni, p\u00e4rmi, piimatooteid, muna, soja, nisu, suhkrut, t\u00e4rklist, maisi, kunstlikke maitse-, v\u00e4rv- ja s\u00e4ilitusaineid ega loomseid k\u00f5rvalsaadusi. GMO vaba. Sobib veganitele.<br \/>\n<strong>Vitamin C Reset\u00ae joogipulber, 420g<\/strong><\/p>\n<p><strong>Koostisosad:\u00a0<\/strong>Vitamiin C (L-askorbiinhape); kaaliumkarbonaat; VitaBerry marjasegu [acerola ekstrakt, hapukirss (<em>prunus cerasus<\/em>), viinamari ja viinamarjaseemneekstrakt, mustikas ja mustikaekstrakt, vaarikas ja vaarikaseemne kontsentraat, j\u00f5hvikas, ploom, mustikas ja mustikaekstrakt, maasikas]; idandatud odraseemne (<em>Hordeum vulgare<\/em>) pulber; looduslikud l\u00f5hna- ja maitseained; s\u00e4ilitusaine: sidrunhape; happesuse regulaator: \u00f5unhape; magusaine: stevioolgl\u00fckosiidid; paakumisvastane aine: amorfne r\u00e4nidioksiid (Silica).<\/p>\n<p><strong>Ei sisalda <\/strong>gluteeni (&lt;20ppm), p\u00e4rmi, piimatooteid, muna, soja, nisu, kunstlikke l\u00f5hna-, v\u00e4rv- ja maitseaineid ega loomseid k\u00f5rvalsaadusi. GMO vaba. Sobib veganitele.<\/p>\n<p><\/div>\n            <\/div><br \/>\n<\/div>\n","protected":false},"excerpt":{"rendered":"<p><strong>ReMag\u00ae vedel magneesium ja Vitamin C ReSet\u00ae joogipulber<\/strong> &#8211; mineraalainete komplekt koos C &#8211; vitamiiniga, mis toetab enesetunnet, energiavahetust ja organite t\u00f6\u00f6d. Tugevam immuunsus, rohkem energiat, v\u00e4hem stressi ja \u00e4revust!<\/p>\n<p><strong>ReMag\u00ae Liquid Magnesium 480ml <\/strong>&#8211; toidulisand stabiliseeritud piko-ioonilise vedela magneesiumiga<\/p>\n<p>Magneesium aitab kaasa normaalsele lihaste t\u00f6\u00f6le, energiavahetusele ja elektrol\u00fc\u00fctide tasakaalule. Aitab v\u00e4hendada v\u00e4simust ja kurnatust. <span lang=\"et\">Aitab s\u00e4ilitada luude ja hammaste tervist. <\/span>Magneesium osaleb rakujagunemise protsessis ja aitab kaasa normaalsele valgus\u00fcnteesile.\u00a0T\u00e4ielik imendumine rakutasandil.<\/p>\n<p><strong>Vitamin C ReSet\u00ae 420g &#8211; <\/strong>marjamaitseline joogipulber<\/p>\n<p>Vitamiin C toetab n\u00e4rvi- ja immuuns\u00fcsteemi, aitab kaasa kollageeni normaalsele moodustumisele, veresoonte, luude, k\u00f5hrkoe, igemete, naha ja hammaste normaalseks talitluseks.<\/p>\n","protected":false},"featured_media":101196,"comment_status":"open","ping_status":"closed","template":"","meta":{"_et_pb_use_builder":"","_et_pb_old_content":"","_et_gb_content_width":""},"product_brand":[],"product_cat":[59],"product_tag":[],"class_list":{"0":"post-101195","1":"product","2":"type-product","3":"status-publish","4":"has-post-thumbnail","6":"product_cat-komplektid","8":"first","9":"instock","10":"shipping-taxable","11":"purchasable","12":"product-type-simple"},"_links":{"self":[{"href":"https:\/\/volustuudio.ee\/epood\/wp-json\/wp\/v2\/product\/101195","targetHints":{"allow":["GET"]}}],"collection":[{"href":"https:\/\/volustuudio.ee\/epood\/wp-json\/wp\/v2\/product"}],"about":[{"href":"https:\/\/volustuudio.ee\/epood\/wp-json\/wp\/v2\/types\/product"}],"replies":[{"embeddable":true,"href":"https:\/\/volustuudio.ee\/epood\/wp-json\/wp\/v2\/comments?post=101195"}],"wp:featuredmedia":[{"embeddable":true,"href":"https:\/\/volustuudio.ee\/epood\/wp-json\/wp\/v2\/media\/101196"}],"wp:attachment":[{"href":"https:\/\/volustuudio.ee\/epood\/wp-json\/wp\/v2\/media?parent=101195"}],"wp:term":[{"taxonomy":"product_brand","embeddable":true,"href":"https:\/\/volustuudio.ee\/epood\/wp-json\/wp\/v2\/product_brand?post=101195"},{"taxonomy":"product_cat","embeddable":true,"href":"https:\/\/volustuudio.ee\/epood\/wp-json\/wp\/v2\/product_cat?post=101195"},{"taxonomy":"product_tag","embeddable":true,"href":"https:\/\/volustuudio.ee\/epood\/wp-json\/wp\/v2\/product_tag?post=101195"}],"curies":[{"name":"wp","href":"https:\/\/api.w.org\/{rel}","templated":true}]}}