{"id":101188,"date":"2025-03-18T19:44:41","date_gmt":"2025-03-18T19:44:41","guid":{"rendered":"http:\/\/volustuudio.ee\/epood\/?post_type=product&#038;p=101188"},"modified":"2025-07-01T09:34:02","modified_gmt":"2025-07-01T09:34:02","slug":"remyte-mineral-solution-toidulisand-12-mineraalaine-kontsentraadiga","status":"publish","type":"product","link":"https:\/\/volustuudio.ee\/epood\/product\/remyte-mineral-solution-toidulisand-12-mineraalaine-kontsentraadiga\/","title":{"rendered":"ReMyte\u00ae Mineral Solution, (toidulisand 12 mineraalaine kontsentraadiga)"},"content":{"rendered":"<div class=\"custom-accordion\"><br \/>\n<div class=\"accordion-section\">\n                <div class=\"accordion-header\" style=\"cursor:pointer; font-weight:bold; padding:10px; background:#f7f7f7; border:1px solid #ddd;\">\n                    Kirjeldus<span class=\"accordion-arrow\" style=\"float:right;\">&#x25BC;<\/span>\n                <\/div>\n                <div class=\"accordion-content\" style=\"display:none; padding:10px;\"><\/p>\n<p><strong>RnA ReSet\u00ae<\/strong> tooted seavad uue standardi, kuidas l\u00e4heneda toitainep\u00f5histele eesm\u00e4rkidele.<br \/>\nMe m\u00f5istame, et kurnatud pinnas ja t\u00f6\u00f6deldud toit kahandavad m\u00e4rkimisv\u00e4\u00e4rselt oluliste toitainete sisaldust organismis. T\u00e4nap\u00e4eva tarbija vajab<strong> terviklikke tooteid<\/strong>, mis vastavad looduse enda valitud funktsioonidele ja imendumise standarditele.<br \/>\nMe toetume inimkeha bioloogiliste s\u00fcsteemide intelligentsele disainile ja usume, et sobivate toitainete olemasolul suudab organism asjakohaselt toetada rakkude, kudede, luude ja\/v\u00f5i elundite struktuure ja funktsioone.<\/p>\n<p><strong>Mineraalained t\u00e4idavad organismis erinevaid rolle:<\/strong><\/p>\n<ul>\n<li>\u00a0<strong>Magneesium<\/strong> aitab kaasa normaalsele lihaste t\u00f6\u00f6le, energiavahetusele ja elektrol\u00fc\u00fctide tasakaalule.<\/li>\n<li><strong>Vask<\/strong> aitab kaasa normaalsele energiavahetusele.<\/li>\n<li><strong>Tsink ja mangaan<\/strong> aitavad kaitsta rakke oks\u00fcdatiivse stressi eest. Tsink osaleb rakujagunemise protsessis ja aitab kaasa DNA -s\u00fcnteesile.<\/li>\n<li><strong>Kroom<\/strong> aitab kaasa makrotoitainete normaalsele ainevahetusele ja hoida normaalset vere gl\u00fckoosi taset.<\/li>\n<li><strong>Seleen<\/strong> aitab kaasa kilpn\u00e4\u00e4rme normaalsele talitlusele.<\/li>\n<\/ul>\n<p>Mineraalainete elektrol\u00fc\u00fcdid toimivad kehas kui elektrivoolu ioonjuhid. Need lahustuvad kehavedelikes ja liiguvad l\u00e4bi kogu keha, olles valmis aktiveerima n\u00e4rvirakke ja lihasrakke elektrilise ja f\u00fc\u00fcsilise tegevuse jaoks. Elektrol\u00fc\u00fcdid reguleerivad ja m\u00f5jutavad ka ainevahetust.<\/p>\n<p>Erinevad toote pakendid sisaldavad: 240ml 64 portsjonit, 480ml 129 portsjonit<\/p>\n<p><\/div>\n            <\/div><br \/>\n<div class=\"accordion-section\">\n                <div class=\"accordion-header\" style=\"cursor:pointer; font-weight:bold; padding:10px; background:#f7f7f7; border:1px solid #ddd;\">\n                    Kuidas kasutada?<span class=\"accordion-arrow\" style=\"float:right;\">&#x25BC;<\/span>\n                <\/div>\n                <div class=\"accordion-content\" style=\"display:none; padding:10px;\"><\/p>\n<p><strong>P\u00e4evaseks tarbimiseks soovitatav kogus ja tarbimisjuhend:<br \/>\n<\/strong>V\u00f5tta 3,7ml (3,7 pipetit\u00e4it) toodet ja lahjendada 1l (liitrisse) vette. Juua lahust lonkshaaval kogu p\u00e4eva jooksul.<\/p>\n<p><strong>NB! Mitte juua lahjendamata toodet!<br \/>\n<\/strong>Vajadusel v\u00f5ib t\u00f5sta annust 7,5ml \u00fche liitri kohta p\u00e4evas. Kasutades toodet esimest korda, alustage v\u00e4iksemast kogusest (0,5ml) ja suurendage annust j\u00e4rk-j\u00e4rgult. V\u00f5ib tarbida koos toiduga v\u00f5i ilma. Samasse 1l veelahusesse v\u00f5ib lisada teisi RnA ReSet\u00aei stabiliseeritud piko-ioonilisi toidulisandeid (ReMag\u00ae, Pico Potassium\u00ae, ReCalcia\u00ae).<\/p>\n<p>Manustamise lihtsustamiseks on tootega kaasas 1ml pipett. Suure kontsentratsiooni t\u00f5ttu v\u00f5ib esineda tootel loomulikku kristalliseerumist, mis ei m\u00f5juta toote kvaliteeti.<br \/>\nMineraalainete maitse leevendamiseks v\u00f5ib joogilahusesse lisada marjamaitselist Vitamin C ReSet\u00ae joogipulbrit v\u00f5i teisi naturaalseid maitse leevendajaid (nt sidrunimahla).<br \/>\nMitte \u00fcletada p\u00e4evaseks tarbimiseks soovitatavat kogust! Oluline on toituda mitmek\u00fclgselt ja tasakaalustatult ning harrastada tervislikku elustiili! Mitte kasutada toidulisandit mitmekesise toitumise asendajana! Hoida toodet lastele k\u00e4ttesaamatus kohas!<\/p>\n<p><strong>S\u00e4ilitamine: <\/strong>Hoida tihedalt suletuna toatemperatuuril kuivas kohas otsese p\u00e4ikesevalguse eest kaitstult.<\/p>\n<p><\/div>\n            <\/div><br \/>\n<div class=\"accordion-section\">\n                <div class=\"accordion-header\" style=\"cursor:pointer; font-weight:bold; padding:10px; background:#f7f7f7; border:1px solid #ddd;\">\n                    Koostis<span class=\"accordion-arrow\" style=\"float:right;\">&#x25BC;<\/span>\n                <\/div>\n                <div class=\"accordion-content\" style=\"display:none; padding:10px;\"><\/p>\n<p><strong>Koostisosad:<\/strong> vesi (p\u00f6\u00f6rdosmoosvesi), kaaliumkloriid, kaltsiumkloriid, magneesiumkloriid, naatriumkloriid, tsinklaktaat, boorhape, vasksulfaat, mangaankloriid, kaaliumjodiid, kroomkloriid, naatriumselenaat, naatriummol\u00fcbdaat.<br \/>\nSuure kontsentratsiooni t\u00f5ttu v\u00f5ib esineda tootel loomulikku kristalliseerumist. See ei m\u00f5juta toote kvaliteeti.<br \/>\n<strong>Ei sisalda<\/strong> gluteeni, p\u00e4rmi, piimatooteid, muna, soja, nisu, suhkrut, t\u00e4rklist, maisi, kunstlikke maitse-, v\u00e4rv- ja s\u00e4ilitusaineid ega loomseid k\u00f5rvalsaadusi. GMO vaba. Sobib veganitele.<\/p>\n<p><\/div>\n            <\/div><br \/>\n<\/div>\n","protected":false},"excerpt":{"rendered":"","protected":false},"featured_media":101189,"comment_status":"open","ping_status":"closed","template":"","meta":{"_et_pb_use_builder":"","_et_pb_old_content":"","_et_gb_content_width":""},"product_brand":[],"product_cat":[60],"product_tag":[],"class_list":{"0":"post-101188","1":"product","2":"type-product","3":"status-publish","4":"has-post-thumbnail","6":"product_cat-rna","8":"first","9":"instock","10":"shipping-taxable","11":"purchasable","12":"product-type-variable"},"_links":{"self":[{"href":"https:\/\/volustuudio.ee\/epood\/wp-json\/wp\/v2\/product\/101188","targetHints":{"allow":["GET"]}}],"collection":[{"href":"https:\/\/volustuudio.ee\/epood\/wp-json\/wp\/v2\/product"}],"about":[{"href":"https:\/\/volustuudio.ee\/epood\/wp-json\/wp\/v2\/types\/product"}],"replies":[{"embeddable":true,"href":"https:\/\/volustuudio.ee\/epood\/wp-json\/wp\/v2\/comments?post=101188"}],"wp:featuredmedia":[{"embeddable":true,"href":"https:\/\/volustuudio.ee\/epood\/wp-json\/wp\/v2\/media\/101189"}],"wp:attachment":[{"href":"https:\/\/volustuudio.ee\/epood\/wp-json\/wp\/v2\/media?parent=101188"}],"wp:term":[{"taxonomy":"product_brand","embeddable":true,"href":"https:\/\/volustuudio.ee\/epood\/wp-json\/wp\/v2\/product_brand?post=101188"},{"taxonomy":"product_cat","embeddable":true,"href":"https:\/\/volustuudio.ee\/epood\/wp-json\/wp\/v2\/product_cat?post=101188"},{"taxonomy":"product_tag","embeddable":true,"href":"https:\/\/volustuudio.ee\/epood\/wp-json\/wp\/v2\/product_tag?post=101188"}],"curies":[{"name":"wp","href":"https:\/\/api.w.org\/{rel}","templated":true}]}}