{"id":101162,"date":"2025-03-18T19:07:11","date_gmt":"2025-03-18T19:07:11","guid":{"rendered":"http:\/\/volustuudio.ee\/epood\/?post_type=product&#038;p=101162"},"modified":"2026-04-01T23:28:22","modified_gmt":"2026-04-01T20:28:22","slug":"pico-potassium-toidulisand-kaaliumiga","status":"publish","type":"product","link":"https:\/\/volustuudio.ee\/epood\/product\/pico-potassium-toidulisand-kaaliumiga\/","title":{"rendered":"Pico Potassium\u00ae (toidulisand kaaliumiga)"},"content":{"rendered":"<div class=\"custom-accordion\"><br \/>\n<div class=\"accordion-section\">\n                <div class=\"accordion-header\" style=\"cursor:pointer; font-weight:bold; padding:10px; background:#f7f7f7; border:1px solid #ddd;\">\n                    Kirjeldus<span class=\"accordion-arrow\" style=\"float:right;\">&#x25BC;<\/span>\n                <\/div>\n                <div class=\"accordion-content\" style=\"display:none; padding:10px;\"><\/p>\n<p><strong>RnA ReSet\u00ae<\/strong>\u00a0tooted seavad uue standardi, kuidas l\u00e4heneda toitainep\u00f5histele eesm\u00e4rkidele.<br \/>\nMe m\u00f5istame, et kurnatud pinnas ja t\u00f6\u00f6deldud toit kahandavad m\u00e4rkimisv\u00e4\u00e4rselt oluliste toitainete sisaldust organismis. T\u00e4nap\u00e4eva tarbija vajab<strong>\u00a0terviklikke tooteid<\/strong>, mis vastavad looduse enda valitud funktsioonidele ja imendumise standarditele.<br \/>\nMe toetume inimkeha bioloogiliste s\u00fcsteemide intelligentsele disainile ja usume, et sobivate toitainete olemasolul suudab organism asjakohaselt toetada rakkude, kudede, luude ja\/v\u00f5i elundite struktuure ja funktsioone.<\/p>\n<p><strong>Kaaliumi funktsioonid organismis<\/strong><\/p>\n<ul>\n<li>Kaalium aitab kaasa n\u00e4rvis\u00fcsteemi normaalsele talitlusele<\/li>\n<li>Kaalium aitab kaasa normaalsele lihaste t\u00f6\u00f6le<\/li>\n<li>Kaalium aitab hoida verer\u00f5hku normaaltasemel<\/li>\n<\/ul>\n<p><strong>Toote omadused<\/strong><\/p>\n<ul>\n<li>Stabiliseeritud piko-iooniline vedel\u00a0kaalium<\/li>\n<li>Arsti poolt v\u00e4lja t\u00f6\u00f6tatud teadusp\u00f5hine vedel kaalium<\/li>\n<li>T\u00e4ielikult imenduv rakutasandil!<\/li>\n<li>Kaaliumiioonid p\u00e4rinevad kaaliumkloriidist, mis on kaevandatud Kanadas<\/li>\n<\/ul>\n<p>Toode sisaldab min 96 portsjonit.<\/p>\n<p><\/div>\n            <\/div><br \/>\n<div class=\"accordion-section\">\n                <div class=\"accordion-header\" style=\"cursor:pointer; font-weight:bold; padding:10px; background:#f7f7f7; border:1px solid #ddd;\">\n                    Kuidas kasutada?<span class=\"accordion-arrow\" style=\"float:right;\">&#x25BC;<\/span>\n                <\/div>\n                <div class=\"accordion-content\" style=\"display:none; padding:10px;\"><\/p>\n<p><strong>P\u00e4evaseks tarbimiseks soovitatav kogus ja tarbimisjuhend:<br \/>\n<\/strong>Enne tarvitamist korralikult loksutada. V\u00f5tta 1,25ml kuni 2,5ml (2,5 pipetit\u00e4it) toodet ja lahjendada see klaasit\u00e4ies vees juues lahus koheselt v\u00f5i lisada 1l (liitrisse) vette ja tarbida lonkshaaval kogu p\u00e4eva jooksul.<\/p>\n<p><strong>NB! Mitte juua lahjendamata toodet!<br \/>\n<\/strong>Optimaalsete tulemuste saavutamiseks v\u00f5ib samal viisil tarbida \u00fcks kuni kaks portsjonit (1,25 -2,5ml toodet) p\u00e4evas. V\u00f5ib tarbida koos toiduga v\u00f5i ilma. Samasse 1l veelahusesse v\u00f5ib lisada teisi RnA ReSet\u00aei stabiliseeritud piko-ioonilisi toidulisandeid (ReMag\u00ae, ReMyte\u00ae, ReCalcia\u00ae).<\/p>\n<p>Manustamise lihtsustamiseks on tootega kaasas 1ml pipett.<br \/>\nSuure kontsentratsiooni t\u00f5ttu v\u00f5ib esineda tootel loomulikku kristalliseerumist, mis ei m\u00f5juta toote kvaliteeti.<br \/>\nMineraalaine maitse leevendamiseks v\u00f5ib joogilahusesse lisada marjamaitselist Vitamin C ReSet\u00ae joogipulbrit v\u00f5i teisi naturaalseid maitse leevendajaid (nt sidrunimahla).<\/p>\n<p>Mitte \u00fcletada p\u00e4evaseks tarbimiseks soovitatavat kogust! Toidulisandit ei kasutata mitmekesise toitumise asendajana. Oluline on toituda mitmek\u00fclgselt ja tasakaalustatult ning harrastada tervislikku elustiili. Hoida toodet lastele k\u00e4ttesaamatus kohas!<\/p>\n<p><strong>T\u00e4iendavad hoiatused<\/strong>:<\/p>\n<p>Silma sattumisel loputada koheselt puhta veega 15 minuti jooksul.<br \/>\n\u00dcleannustamise korral konsulteerida arstiga.<br \/>\nNahale sattumisel loputada veega.<br \/>\n\u00c4rritab silmi ja nahka.<br \/>\nSuures koguses allaneelamisel \u00e4rritab seedes\u00fcsteemi.<br \/>\nKui te saate ravi, olete rase v\u00f5i toidate last rinnaga, pidage enne toidulisandi kasutamist n\u00f5u oma arstiga.<\/p>\n<p><strong>S\u00e4ilitamine: <\/strong>Hoida tihedalt suletuna toatemperatuuril kuivas kohas otsese p\u00e4ikesevalguse eest kaitstult.<\/p>\n<p><\/div>\n            <\/div><br \/>\n<div class=\"accordion-section\">\n                <div class=\"accordion-header\" style=\"cursor:pointer; font-weight:bold; padding:10px; background:#f7f7f7; border:1px solid #ddd;\">\n                    Koostis<span class=\"accordion-arrow\" style=\"float:right;\">&#x25BC;<\/span>\n                <\/div>\n                <div class=\"accordion-content\" style=\"display:none; padding:10px;\"><\/p>\n<p><strong>Koostisosad<\/strong>: vesi (p\u00f6\u00f6rdosmoosvesi), kaalium (kaaliumkloriid), happesuse regulaator: sidrunhape, s\u00e4ilitusaine: kaaliumsorbaat.<br \/>\n<strong>Ei sisalda<\/strong> gluteeni, p\u00e4rmi, piimatooteid, muna, soja, nisu, suhkrut, t\u00e4rklist, maisi, kunstlikke maitse-, v\u00e4rv- ja s\u00e4ilitusaineid ega loomseid k\u00f5rvalsaadusi. GMO vaba. Sobib veganitele.<\/p>\n<p><\/div>\n            <\/div><br \/>\n<\/div>\n","protected":false},"excerpt":{"rendered":"<p style=\"font-weight: 400;\"><strong>Toote omadused<\/strong><\/p>\n<ul style=\"font-weight: 400;\">\n<li>Stabiliseeritud piko-iooniline vedel\u00a0kaalium<\/li>\n<li>Arsti poolt v\u00e4lja t\u00f6\u00f6tatud teadusp\u00f5hine vedel kaalium<\/li>\n<li>T\u00e4ielik imendumine rakutasandil (99,98%)<\/li>\n<li>Kaaliumiioonid p\u00e4rinevad kaaliumkloriidist, mis on kaevandatud Kanadas<\/li>\n<\/ul>\n<p style=\"font-weight: 400;\">Kaalium aitab kaasa lihaste ja n\u00e4rvis\u00fcsteemi normaalsele talitlusele ning aitab s\u00e4ilitada normaalset verer\u00f5hku.<\/p>\n","protected":false},"featured_media":101724,"comment_status":"open","ping_status":"closed","template":"","meta":{"_et_pb_use_builder":"","_et_pb_old_content":"","_et_gb_content_width":""},"product_brand":[],"product_cat":[60],"product_tag":[],"class_list":{"0":"post-101162","1":"product","2":"type-product","3":"status-publish","4":"has-post-thumbnail","6":"product_cat-rna","8":"first","9":"instock","10":"shipping-taxable","11":"purchasable","12":"product-type-simple"},"_links":{"self":[{"href":"https:\/\/volustuudio.ee\/epood\/wp-json\/wp\/v2\/product\/101162","targetHints":{"allow":["GET"]}}],"collection":[{"href":"https:\/\/volustuudio.ee\/epood\/wp-json\/wp\/v2\/product"}],"about":[{"href":"https:\/\/volustuudio.ee\/epood\/wp-json\/wp\/v2\/types\/product"}],"replies":[{"embeddable":true,"href":"https:\/\/volustuudio.ee\/epood\/wp-json\/wp\/v2\/comments?post=101162"}],"wp:featuredmedia":[{"embeddable":true,"href":"https:\/\/volustuudio.ee\/epood\/wp-json\/wp\/v2\/media\/101724"}],"wp:attachment":[{"href":"https:\/\/volustuudio.ee\/epood\/wp-json\/wp\/v2\/media?parent=101162"}],"wp:term":[{"taxonomy":"product_brand","embeddable":true,"href":"https:\/\/volustuudio.ee\/epood\/wp-json\/wp\/v2\/product_brand?post=101162"},{"taxonomy":"product_cat","embeddable":true,"href":"https:\/\/volustuudio.ee\/epood\/wp-json\/wp\/v2\/product_cat?post=101162"},{"taxonomy":"product_tag","embeddable":true,"href":"https:\/\/volustuudio.ee\/epood\/wp-json\/wp\/v2\/product_tag?post=101162"}],"curies":[{"name":"wp","href":"https:\/\/api.w.org\/{rel}","templated":true}]}}