{"id":101147,"date":"2025-03-18T18:51:28","date_gmt":"2025-03-18T18:51:28","guid":{"rendered":"http:\/\/volustuudio.ee\/epood\/?post_type=product&#038;p=101147"},"modified":"2025-07-01T09:36:58","modified_gmt":"2025-07-01T09:36:58","slug":"realine-b-vitamiini-kompleks","status":"publish","type":"product","link":"https:\/\/volustuudio.ee\/epood\/product\/realine-b-vitamiini-kompleks\/","title":{"rendered":"ReAline\u00ae B-vitamiini kompleks"},"content":{"rendered":"<div class=\"custom-accordion\"><br \/>\n<div class=\"accordion-section\">\n                <div class=\"accordion-header\" style=\"cursor:pointer; font-weight:bold; padding:10px; background:#f7f7f7; border:1px solid #ddd;\">\n                    Kirjeldus<span class=\"accordion-arrow\" style=\"float:right;\">&#x25BC;<\/span>\n                <\/div>\n                <div class=\"accordion-content\" style=\"display:none; padding:10px;\"><\/p>\n<p><strong>Tootes sisalduvate vitamiinide funktsioonid:<\/strong><\/p>\n<p><strong>B1 vitamiin (Tiamiin)<\/strong><\/p>\n<ul>\n<li>aitab kaasa normaalsele energiavahetusele<\/li>\n<li>aitab kaasa n\u00e4rvis\u00fcsteemi normaalsele talitlusele<\/li>\n<li>aitab kaasa normaalsetele ps\u00fchholoogilistele funktsioonidele<\/li>\n<li>aitab kaasa normaalsele s\u00fcdametalitlusele<\/li>\n<\/ul>\n<p><strong>B2 vitamiin (Riboflaviin)<\/strong><\/p>\n<ul>\n<li>aitab kaasa normaalsele energiavahetusele<\/li>\n<li>aitab kaasa n\u00e4rvis\u00fcsteemi normaalsele talitlusele<\/li>\n<li>aitab hoida limaskesti normaalsena<\/li>\n<li>aitab hoida punaseid vereliblesid normaalsena<\/li>\n<li>aitab hoida nahka normaalsena<\/li>\n<li>aitab hoida normaalset n\u00e4gemist<\/li>\n<li>aitab hoida rauaainevahetust normaalsena<\/li>\n<li>aitab kaitsta rakke oks\u00fcdatiivse stressi eest<\/li>\n<li>aitab v\u00e4hendada v\u00e4simust ja kurnatust<\/li>\n<\/ul>\n<p><strong>B3 vitamiin (Niatsiin)<\/strong><\/p>\n<ul>\n<li>aitab v\u00e4hendada v\u00e4simust ja kurnatust<\/li>\n<li>aitab kaasa normaalsele ps\u00fchholoogilistele funktsioonidele<\/li>\n<li>aitab kaasa n\u00e4rvis\u00fcsteemi normaalsele talitlusele<\/li>\n<li>aitab kaasa normaalsele energiavahetusele<\/li>\n<li>aitab hoida limaskesti normaalsena<\/li>\n<li>aitab hoida nahka normaalsena<\/li>\n<\/ul>\n<p><strong>B5 vitamiin (Pantoteenhape)<\/strong><\/p>\n<ul>\n<li>aitab kaasa normaalsele energiavahetusele<\/li>\n<li>aitab kaasa steroidhormoonide, vitamiin D ja teatavate neurotransmitterite normaalsele s\u00fcnteesile ja ainevahetusele<\/li>\n<li>aitab v\u00e4hendada v\u00e4simust ja kurnatust<\/li>\n<li>aitab kaasa normaalsele vaimsele j\u00f5udlusele<\/li>\n<\/ul>\n<p><strong>B6 vitamiin<\/strong><\/p>\n<ul>\n<li>aitab kaasa normaalsele ts\u00fcsteiini s\u00fcnteesile<\/li>\n<li>aitab kaasa normaalsele energiavahetusele<\/li>\n<li>aitab kaasa n\u00e4rvis\u00fcsteemi normaalsele talitlusele<\/li>\n<li>aitab kaasa homots\u00fcsteiini normaalsele ainevahetusele<\/li>\n<li>aitab kaasa normaalsele valgu- ja gl\u00fckogeeniainevahetusele<\/li>\n<li>aitab kaasa normaalsetele ps\u00fchholoogilistele funktsioonidele<\/li>\n<li>aitab kaasa vere punaliblede normaalsele moodustumisele<\/li>\n<li>aitab kaasa immuuns\u00fcsteemi normaalsele talitlusele<\/li>\n<li>aitab v\u00e4hendada v\u00e4simust ja kurnatust<\/li>\n<li>aitab kaasa hormonaalse aktiivsuse regulatsioonile<\/li>\n<\/ul>\n<p><strong>B7 vitamiin (Biotiin)<\/strong><\/p>\n<ul>\n<li>aitab kaasa normaalsele energiavahetusele<\/li>\n<li>aitab kaasa n\u00e4rvis\u00fcsteemi normaalsele talitlusele<\/li>\n<li>aitab kaasa makrotoitainete ainevahetusele<\/li>\n<li>aitab kaasa normaalsetele ps\u00fchholoogilistele funktsioonidele<\/li>\n<li>aitab hoida juukseid normaalsena<\/li>\n<li>aitab hoida limaskestasid normaalsena<\/li>\n<li>aitab hoida nahka normaalsena<\/li>\n<\/ul>\n<p><strong>B9 vitamiin (Folaat)<\/strong><\/p>\n<ul>\n<li>aitab kaasa kudede kasvule naise organismis raseduse ajal<\/li>\n<li>aitab kaasa normaal\u00adsele aminohapete s\u00fcnteesile<\/li>\n<li>aitab kaasa normaal\u00adsele vereloomele<\/li>\n<li>aitab kaasa homots\u00fcs\u00adteiini normaalsele ainevahe\u00adtusele<\/li>\n<li>aitab kaasa normaalsetele ps\u00fchholoogilistele funkt\u00adsioonidele<\/li>\n<li>aitab kaasa immuun\u00ads\u00fcsteemi normaalsele talitlu\u00adsele<\/li>\n<li>aitab v\u00e4hendada v\u00e4simust ja kurnatust<\/li>\n<li>osaleb rakujagamise protsessis<\/li>\n<\/ul>\n<p><strong>B12 vitamiin (met\u00fc\u00fclkobalamiin)<\/strong><\/p>\n<ul>\n<li>aitab kaasa normaalsele energiavahetusele<\/li>\n<li>aitab kaasa n\u00e4rvis\u00fcsteemi normaalsele talitlusele<\/li>\n<li>aitab kaasa homots\u00fcsteiini normaalsele ainevahetusele<\/li>\n<li>aitab kaasa normaalsetele ps\u00fchholoogilistele funktsioonidele<\/li>\n<li>aitab kaasa vere punaliblede normaalsele moodustumisele<\/li>\n<li>aitab kaasa immuuns\u00fcsteemi normaalsele talitlusele<\/li>\n<li>aitab v\u00e4hendada v\u00e4simust ja kurnatust<\/li>\n<li>osaleb rakujagunemise protsessis<\/li>\n<\/ul>\n<p><strong>Metioniin (asendamatu aminohape)<\/strong><\/p>\n<ul>\n<li>valkude koostisosana osaleb muuhulgas verevalkude, antikehade, hormoonide ja ens\u00fc\u00fcmide tootmisprotsessides<\/li>\n<li>vajalik neurotransmitterite tootmises<\/li>\n<li>oluline komponent kudede kasvus ja arengus<\/li>\n<\/ul>\n<p><strong>Tauriin (v\u00e4\u00e4vlit sisaldav aminohape)<\/strong><\/p>\n<ul>\n<li>osaleb rasvap\u00f5letusprotsessis<\/li>\n<li>osaleb maksa detoksikatsioonis<\/li>\n<\/ul>\n<p><\/div>\n            <\/div><br \/>\n<div class=\"accordion-section\">\n                <div class=\"accordion-header\" style=\"cursor:pointer; font-weight:bold; padding:10px; background:#f7f7f7; border:1px solid #ddd;\">\n                    Kuidas kasutada?<span class=\"accordion-arrow\" style=\"float:right;\">&#x25BC;<\/span>\n                <\/div>\n                <div class=\"accordion-content\" style=\"display:none; padding:10px;\"><\/p>\n<p><strong>P\u00e4evaseks tarbimiseks soovitatav kogus ning tarbimisjuhend:<br \/>\n<\/strong>V\u00f5tta 1 kapsel kaks korda p\u00e4evas koos toiduga. <strong>NB! <\/strong>Toode on m\u00f5eldud t\u00e4iskasvanutele (alates 15.a). Sobilik rasedatele ja imetavatele emadele.<br \/>\nMitte \u00fcletada p\u00e4evaseks tarbimiseks soovitatavat kogust! Oluline on toituda mitmek\u00fclgselt ja tasakaalustatult ning harrastada tervislikku elustiili! Mitte kasutada toidulisandit mitmekesise toitumise asendajana! Hoida toodet lastele k\u00e4ttesaamatus kohas!<br \/>\nKui teil tekib m\u00f5ne koostisosa suhtes allergiline reaktsioon, jooge suur klaas vett ja v\u00f5tke \u00fchendust arstiga.<br \/>\nB2-vitamiin v\u00f5ib muuta uriini erkkollaseks (neoonkollaseks) kui organism ei kasuta kogu sissev\u00f5etud kogust \u00e4ra.<\/p>\n<p><strong>S\u00e4ilitamine<\/strong>: Hoida tihedalt suletuna toatemperatuuril kuivas kohas otsese p\u00e4ikesevalguse eest kaitstult.<\/p>\n<p><\/div>\n            <\/div><br \/>\n<div class=\"accordion-section\">\n                <div class=\"accordion-header\" style=\"cursor:pointer; font-weight:bold; padding:10px; background:#f7f7f7; border:1px solid #ddd;\">\n                    Koostis<span class=\"accordion-arrow\" style=\"float:right;\">&#x25BC;<\/span>\n                <\/div>\n                <div class=\"accordion-content\" style=\"display:none; padding:10px;\"><\/p>\n<p><strong>Koostisosad<\/strong>:<br \/>\n<strong>L-metioniin<\/strong>\u00a0(looduslik allikas), <strong>L-tauriin<\/strong>\u00a0(looduslik allikas), <strong>vitamiin B3<\/strong>\u00a0(nikotiinamiid, <em>Saccharomyces<\/em> rakkudest, looduslik allikas), <strong>vitamiin B5<\/strong>\u00a0(D kaltsiumpantotenaat, <em>Saccharomyces<\/em> rakkudest, looduslik allikas), <strong>vitamiin B1<\/strong>\u00a0(tiamiinvesinikkloriid, <em>Saccharomyces Boulardii<\/em>, looduslik allikas), <strong>vitamiin B2\u00a0<\/strong>(naatriumriboflaviin-5&#8242;-fosfaat), <strong>vitamiin B6<\/strong>\u00a0(p\u00fcridoksaal-5&#8242;-fosfaat), <strong>vitamiin B12<\/strong>\u00a0(met\u00fc\u00fclkobalamiin), <strong>vitamiin B9<\/strong>\u00a0((6S)-5-met\u00fc\u00fcltetrah\u00fcdrofoolhappe gl\u00fckoosamiinisool, Quatrefolic\u00ae), <strong>vitamiin B7 ehk biotiin<\/strong>\u00a0(D-biotiin, <em>Saccharomyces <\/em>rakkudest, looduslik allikas), taimne tselluloos (kapsli kest), mahuaine: tselluloos, taimne stearaat, paakumisvastane aine: amorfne r\u00e4nidioksiid.<br \/>\n<strong>Met\u00fc\u00fclitud koostisosad:<\/strong> B2, B6, B9, B12<br \/>\n<strong>Looduslikust allikast:<\/strong> B1, B3, B5, B7, L-metioniin, L-tauriin<br \/>\n<strong>Ei sisalda<\/strong> gluteeni, piimatooteid, maisi, soja, t\u00e4rklist, kunstlikke maitse-, v\u00e4rv- ja s\u00e4ilitusaineid ega loomseid k\u00f5rvalsaadusi. GMO vaba. Sobib veganitele.<\/p>\n<p><\/div>\n            <\/div><br \/>\n<\/div>\n","protected":false},"excerpt":{"rendered":"<p>Toidulisand on terviklik B-vitamiini kompleks koos nelja met\u00fc\u00fclitud B-vitamiini (B2, B6, B9, B12) ja nelja loodusliku B-vitamiiniga (B1, B3, B5, B7), et tagada t\u00e4ielik imendumine. Sisaldab L-metioniini, mis on glutatiooni, keha enda antioks\u00fcdandi eelaine ja L-tauriini, mis pakub toitev\u00e4\u00e4rtust s\u00fcdamele ja maksale ning osaleb organismi puhastusprotsessides.<\/p>\n<p><span lang=\"et\"><strong>RnA ReSet\u00ae<\/strong> tooted seavad uue standardi, kuidas l\u00e4heneda toitainep\u00f5histele eesm\u00e4rkidele. Me m\u00f5istame, et kurnatud pinnas ja t\u00f6\u00f6deldud toit kahandavad m\u00e4rkimisv\u00e4\u00e4rselt oluliste toitainete sisaldust organismis. T\u00e4nap\u00e4eva tarbija vajab <strong>terviklikke tooteid<\/strong>, mis vastavad looduse enda valitud funktsioonidele ja imendumise standarditele. Me toetume inimkeha bioloogiliste s\u00fcsteemide intelligentsele disainile ja usume, et sobivate toitainete olemasolul suudab organism asjakohaselt toetada rakkude, kudede, luude ja\/v\u00f5i elundite struktuure ja funktsioone.<\/span><\/p>\n","protected":false},"featured_media":101151,"comment_status":"open","ping_status":"closed","template":"","meta":{"_et_pb_use_builder":"","_et_pb_old_content":"","_et_gb_content_width":""},"product_brand":[],"product_cat":[60],"product_tag":[],"class_list":{"0":"post-101147","1":"product","2":"type-product","3":"status-publish","4":"has-post-thumbnail","6":"product_cat-rna","8":"first","9":"instock","10":"shipping-taxable","11":"purchasable","12":"product-type-variable"},"_links":{"self":[{"href":"https:\/\/volustuudio.ee\/epood\/wp-json\/wp\/v2\/product\/101147","targetHints":{"allow":["GET"]}}],"collection":[{"href":"https:\/\/volustuudio.ee\/epood\/wp-json\/wp\/v2\/product"}],"about":[{"href":"https:\/\/volustuudio.ee\/epood\/wp-json\/wp\/v2\/types\/product"}],"replies":[{"embeddable":true,"href":"https:\/\/volustuudio.ee\/epood\/wp-json\/wp\/v2\/comments?post=101147"}],"wp:featuredmedia":[{"embeddable":true,"href":"https:\/\/volustuudio.ee\/epood\/wp-json\/wp\/v2\/media\/101151"}],"wp:attachment":[{"href":"https:\/\/volustuudio.ee\/epood\/wp-json\/wp\/v2\/media?parent=101147"}],"wp:term":[{"taxonomy":"product_brand","embeddable":true,"href":"https:\/\/volustuudio.ee\/epood\/wp-json\/wp\/v2\/product_brand?post=101147"},{"taxonomy":"product_cat","embeddable":true,"href":"https:\/\/volustuudio.ee\/epood\/wp-json\/wp\/v2\/product_cat?post=101147"},{"taxonomy":"product_tag","embeddable":true,"href":"https:\/\/volustuudio.ee\/epood\/wp-json\/wp\/v2\/product_tag?post=101147"}],"curies":[{"name":"wp","href":"https:\/\/api.w.org\/{rel}","templated":true}]}}