{"id":101138,"date":"2025-03-18T18:26:06","date_gmt":"2025-03-18T18:26:06","guid":{"rendered":"http:\/\/volustuudio.ee\/epood\/?post_type=product&#038;p=101138"},"modified":"2025-07-01T09:35:48","modified_gmt":"2025-07-01T09:35:48","slug":"vitamin-c-reset-420g-marjamaitseline-joogipulber","status":"publish","type":"product","link":"https:\/\/volustuudio.ee\/epood\/product\/vitamin-c-reset-420g-marjamaitseline-joogipulber\/","title":{"rendered":"Vitamin C ReSet\u00ae, 420g (marjamaitseline joogipulber)"},"content":{"rendered":"<div class=\"custom-accordion\"><br \/>\n<div class=\"accordion-section\">\n                <div class=\"accordion-header\" style=\"cursor:pointer; font-weight:bold; padding:10px; background:#f7f7f7; border:1px solid #ddd;\">\n                    Kirjeldus<span class=\"accordion-arrow\" style=\"float:right;\">&#x25BC;<\/span>\n                <\/div>\n                <div class=\"accordion-content\" style=\"display:none; padding:10px;\"><\/p>\n<p><strong>C-vitamiini allikad toidus<br \/>\n<\/strong>Meie parimad C-vitamiini allikad on puu- ja juurviljad. Peamised C-vitamiini allikad t\u00e4nap\u00e4eva toidus on tsitrusviljad, tomatid ja tomatimahl ning kartul. Lisaks sisaldavad palju c-vitamiini punane ja roheline paprika, kiivi, spargelkapsas, maasikad, rooskapsas ja arbuus.<br \/>\nC-vitamiini sisaldus toidus v\u00e4heneb pikaajalisel s\u00e4ilitamisel ja keetmisel, sest askorbiinhape lahustub vees ja h\u00e4vib kuumuse toimel. Auruga k\u00fcpsetamine v\u00f5i mikrolaineahjus kuumutamine v\u00f5ib v\u00e4hendada vitamiinikadu toiduvalmistamise ajal.<\/p>\n<p><strong>Vitamiin C funktsioonid organismis<\/strong><\/p>\n<ul>\n<li>Vitamiin C aitab kaasa kollageeni normaalsele moodustumisele veresoonte, luude,\u00a0k\u00f5hrkoe, igemete, naha ja hammaste normaalseks talitluseks.<\/li>\n<li>Vitamiin C aitab kaasa normaalsele energiavahetusele, n\u00e4rvis\u00fcsteemi ja immuuns\u00fcsteemi talitlusele ning\u00a0 ps\u00fchholoogilistele funktsioonidele.<\/li>\n<li>Vitamiin C aitab kaitsta rakke oks\u00fcdatiivse stressi eest ning v\u00e4hendada v\u00e4simust ja kurnatust.<\/li>\n<li>Vitamiin C aitab kaasa E-vitamiini algvormi taastekkimisele ja suurendab raua imendumist.<\/li>\n<\/ul>\n<p><strong>RnA ReSet\u00ae <\/strong>tooted seavad uue standardi, kuidas l\u00e4heneda toitainep\u00f5histele eesm\u00e4rkidele. Me m\u00f5istame, et kurnatud pinnas ja t\u00f6\u00f6deldud toit kahandavad m\u00e4rkimisv\u00e4\u00e4rselt oluliste toitainete sisaldust organismis. T\u00e4nap\u00e4eva tarbija vajab <strong>terviklikke tooteid<\/strong>, mis vastavad looduse enda valitud funktsioonidele ja imendumise standarditele.<br \/>\nMe toetume inimkeha bioloogiliste s\u00fcsteemide intelligentsele disainile ja usume, et sobivate toitainete olemasolul suudab organism asjakohaselt toetada rakkude, kudede, luude ja\/v\u00f5i elundite struktuure ja funktsioone.<\/p>\n<p>Toode sisaldab 60 portsjonit<\/p>\n<p><\/div>\n            <\/div><br \/>\n<div class=\"accordion-section\">\n                <div class=\"accordion-header\" style=\"cursor:pointer; font-weight:bold; padding:10px; background:#f7f7f7; border:1px solid #ddd;\">\n                    Kuidas kasutada?<span class=\"accordion-arrow\" style=\"float:right;\">&#x25BC;<\/span>\n                <\/div>\n                <div class=\"accordion-content\" style=\"display:none; padding:10px;\"><\/p>\n<p><strong>P\u00e4evaseks tarbimiseks soovitatav kogus ning tarbimisjuhend:<br \/>\n<\/strong>V\u00f5tta 1 m\u00f5\u00f5tlusikat\u00e4is (7 grammi) pulbrit ja segada 240-480ml puhta veega ning juua kogu p\u00e4eva jooksul. Juhul, kui toote maitse tundub liiga intensiivne, v\u00f5ib suurendada vee kogust 1 liitrini. Samuti v\u00f5ib pulbrit lisada smuutile v\u00f5i (ReStructure\u00ae) valgu\u0161eigile.<br \/>\nToodet v\u00f5ib kasutada RnA ReSet\u00ae-i stabiliseeritud piko-iooniliste vedelate toidulisandite (ReMag\u00ae, ReMyte\u00ae, Pico Potassium\u00ae, ReCalcia\u00ae) veelahuse mineraalse maitse maitseleevendajana.<br \/>\nMitte \u00fcletada p\u00e4evaseks tarbimiseks soovitatavat kogust! Oluline on toituda mitmek\u00fclgselt ja tasakaalustatult ning harrastada tervislikku elustiili! Mitte kasutada toidulisandit mitmekesise toitumise asendajana! Hoida toodet lastele k\u00e4ttesaamatus kohas!<\/p>\n<p>NB! \u00dcle 1000mg C-vitamiini p\u00e4evas v\u00f5ib p\u00f5hjustada tundlikel inimestel kergeid seedeh\u00e4ireid. Pikaajaline liigne C-vitamiini tarbimine v\u00f5ib soodustada neerukivide teket v\u00f5i neerukahjustusi.<br \/>\n<strong>S\u00e4ilitamine:<\/strong> Hoida tihedalt suletud toatemperatuuril kuivas kohas otsese p\u00e4ikesevalguse eest kaitstult.<\/p>\n<p><\/div>\n            <\/div><br \/>\n<div class=\"accordion-section\">\n                <div class=\"accordion-header\" style=\"cursor:pointer; font-weight:bold; padding:10px; background:#f7f7f7; border:1px solid #ddd;\">\n                    Koostis<span class=\"accordion-arrow\" style=\"float:right;\">&#x25BC;<\/span>\n                <\/div>\n                <div class=\"accordion-content\" style=\"display:none; padding:10px;\"><\/p>\n<p><strong>Koostisosad: <\/strong>Vitamiin C (L-askorbiinhape); kaaliumkarbonaat; VitaBerry marjasegu [acerola ekstrakt, hapukirss (<em>prunus cerasus<\/em>), viinamari ja viinamarjaseemneekstrakt, mustikas ja mustikaekstrakt, vaarikas ja vaarikaseemne kontsentraat, j\u00f5hvikas, ploom, mustikas ja mustikaekstrakt, maasikas]; idandatud odraseemne (<em>Hordeum vulgare<\/em>) pulber; looduslikud l\u00f5hna- ja maitseained; s\u00e4ilitusaine: sidrunhape; happesuse regulaator: \u00f5unhape; magusaine: stevioolgl\u00fckosiidid; paakumisvastane aine: amorfne r\u00e4nidioksiid (Silica).<br \/>\n<strong>Ei sisalda<\/strong> gluteeni (&lt;20ppm), p\u00e4rmi, piimatooteid, muna, soja, nisu, kunstlikke l\u00f5hna-, v\u00e4rv- ja maitseaineid ega loomseid k\u00f5rvalsaadusi. GMO vaba. Sobib veganitele.<\/p>\n<p><\/div>\n            <\/div><br \/>\n<\/div>\n","protected":false},"excerpt":{"rendered":"<p style=\"font-weight: 400;\"><strong>Toidulisand vees lahustuva looduslikest allikatest p\u00e4rit C-vitamiiniga marjamaitselise joogipulbrina.<br \/>\n<\/strong>C-vitamiin on oluline vees lahustuv vitamiin, mida keha ise ei suuda toota ning seet\u00f5ttu peab seda saama toidust v\u00f5i toidulisanditest.<br \/>\nVitamin C ReSet\u00ae marjamaitselise joogipulbri 7-grammine annus sisaldab 2000mg C-vitamiini (L-askorbiinhape) ja 407mg kaaliumi (kaaliumkarbonaat). Annust on lihtne jagada ka v\u00e4iksemateks portsjoniteks, et omada oma p\u00e4evase tarbimise \u00fcle paremat kontrolli.<br \/>\nToodet v\u00f5ib kasutada RnA ReSet\u00ae-i stabiliseeritud piko-iooniliste vedelate toidulisandite (ReMag\u00ae, ReMyte\u00ae, Pico Potassium\u00ae, ReCalcia\u00ae) veelahuse mineraalse maitse maitseleevendajana.<br \/>\nVitamin C ReSet\u00ae pulbriline askorbiinhape lahustub kiiresti vedelikus, soodustades seedes\u00fcsteemis kiiremat imendumist v\u00f5rreldes tablettide v\u00f5i kapslitega, mis peavad enne vitamiini vabanemist lagunema.<br \/>\nSeda joodavat C-vitamiini saab aeglaselt lonkshaaval tarbida ja tagada C-vitamiini j\u00e4rkj\u00e4rguline vabanemine. See v\u00f5ib olla eriti kasulik inimestele, kes vajavad pigem pidevat tarbimist kui \u00fchekordset suurt annust.<br \/>\nSuuremad C-vitamiini annused toidulisanditest v\u00f5ivad m\u00f5nikord p\u00f5hjustada tundlikel inimestel seedetrakti vaevusi. Vitamin C ReSet\u00ae v\u00f5imaldab v\u00e4iksemaid, sagedasemaid annuseid, mis v\u00f5ib v\u00e4hendada seedetrakti probleemide riski.<\/p>\n","protected":false},"featured_media":101141,"comment_status":"open","ping_status":"closed","template":"","meta":{"_et_pb_use_builder":"","_et_pb_old_content":"","_et_gb_content_width":""},"product_brand":[],"product_cat":[60],"product_tag":[],"class_list":{"0":"post-101138","1":"product","2":"type-product","3":"status-publish","4":"has-post-thumbnail","6":"product_cat-rna","8":"first","9":"instock","10":"shipping-taxable","11":"purchasable","12":"product-type-simple"},"_links":{"self":[{"href":"https:\/\/volustuudio.ee\/epood\/wp-json\/wp\/v2\/product\/101138","targetHints":{"allow":["GET"]}}],"collection":[{"href":"https:\/\/volustuudio.ee\/epood\/wp-json\/wp\/v2\/product"}],"about":[{"href":"https:\/\/volustuudio.ee\/epood\/wp-json\/wp\/v2\/types\/product"}],"replies":[{"embeddable":true,"href":"https:\/\/volustuudio.ee\/epood\/wp-json\/wp\/v2\/comments?post=101138"}],"wp:featuredmedia":[{"embeddable":true,"href":"https:\/\/volustuudio.ee\/epood\/wp-json\/wp\/v2\/media\/101141"}],"wp:attachment":[{"href":"https:\/\/volustuudio.ee\/epood\/wp-json\/wp\/v2\/media?parent=101138"}],"wp:term":[{"taxonomy":"product_brand","embeddable":true,"href":"https:\/\/volustuudio.ee\/epood\/wp-json\/wp\/v2\/product_brand?post=101138"},{"taxonomy":"product_cat","embeddable":true,"href":"https:\/\/volustuudio.ee\/epood\/wp-json\/wp\/v2\/product_cat?post=101138"},{"taxonomy":"product_tag","embeddable":true,"href":"https:\/\/volustuudio.ee\/epood\/wp-json\/wp\/v2\/product_tag?post=101138"}],"curies":[{"name":"wp","href":"https:\/\/api.w.org\/{rel}","templated":true}]}}