{"id":101133,"date":"2025-03-18T18:17:59","date_gmt":"2025-03-18T18:17:59","guid":{"rendered":"http:\/\/volustuudio.ee\/epood\/?post_type=product&#038;p=101133"},"modified":"2025-07-01T09:37:54","modified_gmt":"2025-07-01T09:37:54","slug":"rna-reset-drops-45ml-toidulisand-odra-ekstraktiga","status":"publish","type":"product","link":"https:\/\/volustuudio.ee\/epood\/product\/rna-reset-drops-45ml-toidulisand-odra-ekstraktiga\/","title":{"rendered":"RnA ReSet Drops\u00ae, 45ml (toidulisand odra ekstraktiga)"},"content":{"rendered":"<div class=\"custom-accordion\"><br \/>\n<div class=\"accordion-section\">\n                <div class=\"accordion-header\" style=\"cursor:pointer; font-weight:bold; padding:10px; background:#f7f7f7; border:1px solid #ddd;\">\n                    Kirjeldus<span class=\"accordion-arrow\" style=\"float:right;\">&#x25BC;<\/span>\n                <\/div>\n                <div class=\"accordion-content\" style=\"display:none; padding:10px;\"><br \/>\n<strong>RnA ReSet\u00ae<\/strong> tooted seavad uue standardi, kuidas l\u00e4heneda toitainep\u00f5histele eesm\u00e4rkidele. Me m\u00f5istame, et kurnatud pinnas ja t\u00f6\u00f6deldud toit kahandavad m\u00e4rkimisv\u00e4\u00e4rselt oluliste toitainete sisaldust organismis. T\u00e4nap\u00e4eva tarbija vajab<strong> terviklikke tooteid<\/strong>, mis vastavad looduse enda valitud funktsioonidele ja imendumise standarditele.<br \/>\n<\/div>\n            <\/div><br \/>\n<div class=\"accordion-section\">\n                <div class=\"accordion-header\" style=\"cursor:pointer; font-weight:bold; padding:10px; background:#f7f7f7; border:1px solid #ddd;\">\n                    Kuidas kasutada?<span class=\"accordion-arrow\" style=\"float:right;\">&#x25BC;<\/span>\n                <\/div>\n                <div class=\"accordion-content\" style=\"display:none; padding:10px;\"><\/p>\n<p><strong>P\u00e4evaseks tarbimiseks soovitatav kogus ning tarbimisjuhend:<br \/>\n<\/strong>Enne avamist <strong>mitte loksutada!<br \/>\n<\/strong>Tilguta vajalik kogus toodet kaks korda p\u00e4evas t\u00fchja k\u00f5huga otse keele alla ja oota enne allaneelamist m\u00f5ni minut. Peale seda \u00e4ra joo ega s\u00f6\u00f6 15min.<br \/>\nAlusta kogusega 2 tilka p\u00e4evas (1+1 ehk 0,1ml) ja suurenda igal j\u00e4rgneval n\u00e4dalal 2 tilga v\u00f5rra p\u00e4evas (2+2, 3+3 jne) kuni 16+16=32 tilgani (1,6ml) p\u00e4evas.<br \/>\nKeskmine annus on v\u00e4ga individuaalne, kohandage seda vastavalt oma enesetunde j\u00e4rgi.<br \/>\nPeale avamist hoiustada k\u00fclmkapis. Kasutada 60 p\u00e4eva jooksul p\u00e4rast esmast avamist.<br \/>\nFermenteeritud toote iga partii puhul varieerub v\u00e4rv, l\u00f5hn ja maitse. Fermentatsiooni k\u00e4igus tekkiv s\u00fcsihappegaas muudab toote \u201ekihisevaks\u201c ja seet\u00f5ttu avage pudel valamu kohal ning j\u00e4tke peale esmakordset avamist, enne tarvitamist, suletuna k\u00fclmkappi paariks tunniks \u201erahunema\u201c.<\/p>\n<p><strong>Mitte \u00fcletada p\u00e4evaseks tarbimiseks soovitatavat kogust.<\/strong>Oluline on toituda mitmek\u00fclgselt ja tasakaalustatult ning harrastada tervislikku elustiili. Mitte kasutada toidulisandit mitmekesise toitumise asendajana. Hoida toodet lastele k\u00e4ttesaamatus kohas!<br \/>\n<strong>S\u00e4ilitamine<\/strong>: Peale esmast avamist hoida suletuna k\u00fclmkapis.<br \/>\n<\/div>\n            <\/div><br \/>\n<div class=\"accordion-section\">\n                <div class=\"accordion-header\" style=\"cursor:pointer; font-weight:bold; padding:10px; background:#f7f7f7; border:1px solid #ddd;\">\n                    Koostis<span class=\"accordion-arrow\" style=\"float:right;\">&#x25BC;<\/span>\n                <\/div>\n                <div class=\"accordion-content\" style=\"display:none; padding:10px;\"><\/p>\n<p><strong>Koostisosad<\/strong>: puhastatud vesi; hariliku odra (<em>Hordeum vulgare<\/em>) ekstrakt (valmistatud idandatud odrast); punase ristiku (<em>Trifolium<br \/>\npratense<\/em> <em>L.<\/em>) v\u00f5rse; Melegueta paradiisi terad (seemned) (<em>Aframomum melegueta<\/em> <em>K.Schum<\/em>.); \u00f5llep\u00e4rm; india viirukipuu (<em>Boswellia serrata<\/em>) koor; antioks\u00fcdant fosforhape.<br \/>\n<strong>Ei sisalda<\/strong> piimatooteid, laktoosi, kaseiini, soja, maisi, kunstlikke maitse-, v\u00e4rv- ja s\u00e4ilitusaineid ega loomseid k\u00f5rvalsaadusi. GMO vaba. Sobib veganitele.<br \/>\n<\/div>\n            <\/div><br \/>\n<\/div>\n","protected":false},"excerpt":{"rendered":"<p style=\"font-weight: 400;\">Vedel toidulisand idandatud ja fermenteeritud odrast.<\/p>\n<ul style=\"font-weight: 400;\">\n<li>Valmistatud sertifitseeritud maheodrast<\/li>\n<li>Sisaldab odrataime terade, seemnete ja \u00f5ite unikaalseid omadusi<\/li>\n<li>Sisaldab maksimaalselt odra erakordset toitaineteprofiili ja v\u00f5imalikke tervise-eeliseid kasutades idandamis- ja fermenteerimisprotsesse<\/li>\n<li>Loodud igap\u00e4evaseks kasutamiseks<\/li>\n<\/ul>\n","protected":false},"featured_media":101136,"comment_status":"open","ping_status":"closed","template":"","meta":{"_et_pb_use_builder":"","_et_pb_old_content":"","_et_gb_content_width":""},"product_brand":[],"product_cat":[60],"product_tag":[],"class_list":{"0":"post-101133","1":"product","2":"type-product","3":"status-publish","4":"has-post-thumbnail","6":"product_cat-rna","8":"first","9":"instock","10":"shipping-taxable","11":"purchasable","12":"product-type-simple"},"_links":{"self":[{"href":"https:\/\/volustuudio.ee\/epood\/wp-json\/wp\/v2\/product\/101133","targetHints":{"allow":["GET"]}}],"collection":[{"href":"https:\/\/volustuudio.ee\/epood\/wp-json\/wp\/v2\/product"}],"about":[{"href":"https:\/\/volustuudio.ee\/epood\/wp-json\/wp\/v2\/types\/product"}],"replies":[{"embeddable":true,"href":"https:\/\/volustuudio.ee\/epood\/wp-json\/wp\/v2\/comments?post=101133"}],"wp:featuredmedia":[{"embeddable":true,"href":"https:\/\/volustuudio.ee\/epood\/wp-json\/wp\/v2\/media\/101136"}],"wp:attachment":[{"href":"https:\/\/volustuudio.ee\/epood\/wp-json\/wp\/v2\/media?parent=101133"}],"wp:term":[{"taxonomy":"product_brand","embeddable":true,"href":"https:\/\/volustuudio.ee\/epood\/wp-json\/wp\/v2\/product_brand?post=101133"},{"taxonomy":"product_cat","embeddable":true,"href":"https:\/\/volustuudio.ee\/epood\/wp-json\/wp\/v2\/product_cat?post=101133"},{"taxonomy":"product_tag","embeddable":true,"href":"https:\/\/volustuudio.ee\/epood\/wp-json\/wp\/v2\/product_tag?post=101133"}],"curies":[{"name":"wp","href":"https:\/\/api.w.org\/{rel}","templated":true}]}}