{"id":101023,"date":"2025-03-15T09:54:11","date_gmt":"2025-03-15T09:54:11","guid":{"rendered":"http:\/\/volustuudio.ee\/epood\/?post_type=product&#038;p=101023"},"modified":"2025-04-12T12:14:19","modified_gmt":"2025-04-12T12:14:19","slug":"teekond-iseendani-human-designiga","status":"publish","type":"product","link":"https:\/\/volustuudio.ee\/epood\/product\/teekond-iseendani-human-designiga\/","title":{"rendered":"Teekond iseendani Human Designiga"},"content":{"rendered":"<h4><strong>Kirjeldus<\/strong><\/h4>\n<p>Konsultatsioon + materjal.Kuidas toimid ja sinu profiil, t\u00fc\u00fcp, keskused ja s\u00fcnnirist.<\/p>\n","protected":false},"excerpt":{"rendered":"<p>Kirjeldus Konsultatsioon + materjal.Kuidas toimid ja sinu profiil, t\u00fc\u00fcp, keskused ja s\u00fcnnirist.<\/p>\n","protected":false},"featured_media":101000,"comment_status":"open","ping_status":"closed","template":"","meta":{"_et_pb_use_builder":"","_et_pb_old_content":"","_et_gb_content_width":""},"product_brand":[],"product_cat":[57,54,62],"product_tag":[],"class_list":{"0":"post-101023","1":"product","2":"type-product","3":"status-publish","4":"has-post-thumbnail","6":"product_cat-konsultatsioon","7":"product_cat-noustamine","8":"product_cat-teenused","10":"first","11":"instock","12":"shipping-taxable","13":"purchasable","14":"product-type-variable"},"_links":{"self":[{"href":"https:\/\/volustuudio.ee\/epood\/wp-json\/wp\/v2\/product\/101023","targetHints":{"allow":["GET"]}}],"collection":[{"href":"https:\/\/volustuudio.ee\/epood\/wp-json\/wp\/v2\/product"}],"about":[{"href":"https:\/\/volustuudio.ee\/epood\/wp-json\/wp\/v2\/types\/product"}],"replies":[{"embeddable":true,"href":"https:\/\/volustuudio.ee\/epood\/wp-json\/wp\/v2\/comments?post=101023"}],"wp:featuredmedia":[{"embeddable":true,"href":"https:\/\/volustuudio.ee\/epood\/wp-json\/wp\/v2\/media\/101000"}],"wp:attachment":[{"href":"https:\/\/volustuudio.ee\/epood\/wp-json\/wp\/v2\/media?parent=101023"}],"wp:term":[{"taxonomy":"product_brand","embeddable":true,"href":"https:\/\/volustuudio.ee\/epood\/wp-json\/wp\/v2\/product_brand?post=101023"},{"taxonomy":"product_cat","embeddable":true,"href":"https:\/\/volustuudio.ee\/epood\/wp-json\/wp\/v2\/product_cat?post=101023"},{"taxonomy":"product_tag","embeddable":true,"href":"https:\/\/volustuudio.ee\/epood\/wp-json\/wp\/v2\/product_tag?post=101023"}],"curies":[{"name":"wp","href":"https:\/\/api.w.org\/{rel}","templated":true}]}}