{"id":101008,"date":"2025-03-15T09:43:42","date_gmt":"2025-03-15T09:43:42","guid":{"rendered":"http:\/\/volustuudio.ee\/epood\/?post_type=product&#038;p=101008"},"modified":"2026-04-01T23:56:46","modified_gmt":"2026-04-01T20:56:46","slug":"kraniosakraalteraapia","status":"publish","type":"product","link":"https:\/\/volustuudio.ee\/epood\/product\/kraniosakraalteraapia\/","title":{"rendered":"Kraniosakraalteraapia"},"content":{"rendered":"<div class=\"custom-accordion\"><br \/>\n<div class=\"accordion-section\">\n                <div class=\"accordion-header\" style=\"cursor:pointer; font-weight:bold; padding:10px; background:#f7f7f7; border:1px solid #ddd;\">\n                    Kirjeldus<span class=\"accordion-arrow\" style=\"float:right;\">&#x25BC;<\/span>\n                <\/div>\n                <div class=\"accordion-content\" style=\"display:none; padding:10px;\"><br \/>\nBiod\u00fcnaamiline kraniosakraalteraapia on kehateraapia, mis on tasakaalustatud viis keha loomup\u00e4raste vajaduste tasakaalustamiseks. Terapeut h\u00e4\u00e4lestab end sisemisele joondatusele. Kehakudedes, -vedelikes ja biov\u00e4ljas toimuvad sisemised \u00fcmberkorraldused. See on terviklik liikumine loomup\u00e4rase tervise poole. Kaasas\u00fcndinud ja alati olemasolevat tervist kutsutakse kraniosakraalteraapias eluhinguseks. Keha anatoomia ja f\u00fcsioloogia on \u00fchendatud eluhingusega, mis avaldab end kehavedelikes (t\u00e4helepanu keskmes on seljaajuvedelik).<br \/>\nPraktiku seisund, puudutus ja kohalolu annavad v\u00f5imaluse tekkida \u00fchisv\u00e4ljal, mis annab t\u00f5eliselt turvalise tunde. Koos terapeudiga liigutakse stillness\u2019i ehk d\u00fcnaamilisse vaikusesse, mida v\u00f5ib kirjeldada kui s\u00fcgavalt tervendavat seisundit.<br \/>\nMitte tervendaja puudutus ei kingi sulle tervenemist, vaid tervis on sinu sees juba olemas. Terapeut otsib ja julgustab tervisej\u00f5ude tavaliselt seansi prioriteetide seadmiseks ja loomulike muudatuste tegemiseks keha omavahenditest. Seda iseloomustab tugev orienteeritus inimkogemuse terviklikkusele, kus keha keha anatoomia ja f\u00fcsioloogia on reaalajas seotud peenete eluj\u00f5ududega, mis toimivad keha vedelike liidese kaudu. Kuulatakse keha vedelike ja kudede v\u00e4lja peeneid liikumisi ning loomulikku liikumist liikumatuse poole n\u00e4hakse s\u00fcgavalt tervendavana. Teraapia h\u00f5lmab terve keha vedeliku r\u00fctmi taastamist ja palanseerimist.<br \/>\nKST seansi ajal tunnetab terapeut inimese keha terviklikkust, selle s\u00fcvahingamise r\u00fctmi ja viib sellest l\u00e4htuvalt l\u00e4bi teraapiaseansi, mis aitab orgamismil taastuda ja s\u00fcgavuti terveneda. Kraniosakraalne resonantsteraapia on v\u00e4ga respekteeriv ja mitte suruv l\u00e4henemine, see sobib ideaalselt ka rasedatelele, beebidele, lastele ja vanematele inimestele.<\/p>\n<p>Selle teraapia tehnikad on pehmed ja puudutused \u00f5rnad, aga samas on toime v\u00e4ga s\u00fcgav. Seansi ajal v\u00f5ib inimene tunda sooja- v\u00f5i k\u00fclmaaistinguid , surinaid , k\u00fclmav\u00e4rinaid, keha avardumist, laienemist ja s\u00fcgavat l\u00f5\u00f5gastust . Samas, j\u00e4lgides inimese kraniaalset r\u00fctmi l\u00e4bi labajalgade, on v\u00f5imalik vabastada inimene peavaludest ja pingetest vaagna piirkonnas ja seljas. KST ei tegele mitte ainult f\u00fc\u00fcsilise tasandi, vaid ka emotsionaalse ja vaimse aspektiga mis ravikuuri kestel ilmneb.<\/p>\n<p>P\u00fcsivama tulemuse saavutamiseks soovitame v\u00f5tta 5-10 seanssi. Kogemus on n\u00e4idanud, et p\u00e4rast 5. seanssi hakkavad kehas toimuma s\u00fcgavamad tervenemise protsessid, f\u00fc\u00fcsilised vaevused hakkavad leevenduma ja keha ei kuku enam tagasi vanasse mustrisse.<\/p>\n<p><\/div>\n            <\/div><br \/>\n<div class=\"accordion-section\">\n                <div class=\"accordion-header\" style=\"cursor:pointer; font-weight:bold; padding:10px; background:#f7f7f7; border:1px solid #ddd;\">\n                    Aitab leevendada vaevusi j\u00e4rgmiste n\u00e4idustuste puhul:<span class=\"accordion-arrow\" style=\"float:right;\">&#x25BC;<\/span>\n                <\/div>\n                <div class=\"accordion-content\" style=\"display:none; padding:10px;\"><br \/>\n\u2022 mitmesugused valud (sh, peavalud, turjavalud, seljavalud, migreen)<br \/>\n\u2022 f\u00fc\u00fcsiliste ja emotsionaalsete traumade j\u00e4rgsed vaevused<br \/>\n\u2022 erinevad pinged (vaagnas, kaelas, peas)<br \/>\n\u2022 stress, h\u00fcperaktiivsus<br \/>\n\u2022 eluj\u00f5u puudumine, kurnatus, l\u00e4bip\u00f5lemine<br \/>\n\u2022 unetus, depression<br \/>\n\u2022 immuuns\u00fcsteemi tasakaalutus, korduvad infektsioonid<br \/>\n\u2022 valulik menstruatsioon, menopaus<br \/>\n\u2022 f\u00fc\u00fcsiline ja emotsionaalne shokk<br \/>\n\u2022 toetuseks elukriisis, \u00fcleminekuajal, leina v\u00f5i laotuse korral<br \/>\n\u2022 sisemiseks avastusretkeks<\/p>\n<p><strong> Lastele: <strong><br \/>\n<\/strong><\/strong>\u2022 raskused enesereguleerimisel, agressiisvsus, kinnisus<br \/>\n\u2022 t\u00e4helepanuh\u00e4ired, \u00f5pi- ja tajuraskused<br \/>\n\u2022 l\u00e4hedusprobleemid<br \/>\n\u2022 s\u00fcnniga seotu probleemid<\/p>\n<p><strong>Vastun\u00e4idustused:<\/strong><br \/>\n\u2022 ps\u00fchhiaatrilised haigused<br \/>\n\u2022 peaju ja seljaaju vigastused<br \/>\n\u2022 insuldi j\u00e4rgsed seisundid<br \/>\n\u2022 peaoperatsioonid<br \/>\n\u2022 k\u00f5rge palavik<br \/>\n\u2022 epilepsia<br \/>\n\u2022 bipolaarsed isikuseh\u00e4ired<br \/>\n\u2022 v\u00e4hkkasvajad<\/p>\n<p><\/div>\n            <\/div><br \/>\n<div class=\"accordion-section\">\n                <div class=\"accordion-header\" style=\"cursor:pointer; font-weight:bold; padding:10px; background:#f7f7f7; border:1px solid #ddd;\">\n                    Lisainfo:<span class=\"accordion-arrow\" style=\"float:right;\">&#x25BC;<\/span>\n                <\/div>\n                <div class=\"accordion-content\" style=\"display:none; padding:10px;\"><\/p>\n<p>L\u00f5ppkokkuv\u00f5ttes taask\u00e4ivitab see teraapia kogu organismi isetervenemise protsessi. On v\u00e4ga toetav aegadel, kui tunned ennast j\u00f5uetuna v\u00f5i kui Sinu elus on keerulised \u00fcleminekuajad. Annab s\u00fcgava l\u00f5\u00f5gastuse ja restardi pingelistel aegadel, mil on vaja ennast korraks v\u00e4lja l\u00fclitada, et mitte l\u00e4bi p\u00f5leda.<\/p>\n<p><\/div>\n            <\/div><br \/>\n<\/div>\n","protected":false},"excerpt":{"rendered":"","protected":false},"featured_media":100994,"comment_status":"open","ping_status":"closed","template":"","meta":{"_et_pb_use_builder":"","_et_pb_old_content":"","_et_gb_content_width":""},"product_brand":[],"product_cat":[50,62,55],"product_tag":[],"class_list":{"0":"post-101008","1":"product","2":"type-product","3":"status-publish","4":"has-post-thumbnail","6":"product_cat-massaaz","7":"product_cat-teenused","8":"product_cat-teraapia","10":"first","11":"instock","12":"shipping-taxable","13":"purchasable","14":"product-type-variable"},"_links":{"self":[{"href":"https:\/\/volustuudio.ee\/epood\/wp-json\/wp\/v2\/product\/101008","targetHints":{"allow":["GET"]}}],"collection":[{"href":"https:\/\/volustuudio.ee\/epood\/wp-json\/wp\/v2\/product"}],"about":[{"href":"https:\/\/volustuudio.ee\/epood\/wp-json\/wp\/v2\/types\/product"}],"replies":[{"embeddable":true,"href":"https:\/\/volustuudio.ee\/epood\/wp-json\/wp\/v2\/comments?post=101008"}],"wp:featuredmedia":[{"embeddable":true,"href":"https:\/\/volustuudio.ee\/epood\/wp-json\/wp\/v2\/media\/100994"}],"wp:attachment":[{"href":"https:\/\/volustuudio.ee\/epood\/wp-json\/wp\/v2\/media?parent=101008"}],"wp:term":[{"taxonomy":"product_brand","embeddable":true,"href":"https:\/\/volustuudio.ee\/epood\/wp-json\/wp\/v2\/product_brand?post=101008"},{"taxonomy":"product_cat","embeddable":true,"href":"https:\/\/volustuudio.ee\/epood\/wp-json\/wp\/v2\/product_cat?post=101008"},{"taxonomy":"product_tag","embeddable":true,"href":"https:\/\/volustuudio.ee\/epood\/wp-json\/wp\/v2\/product_tag?post=101008"}],"curies":[{"name":"wp","href":"https:\/\/api.w.org\/{rel}","templated":true}]}}