{"id":101223,"date":"2025-03-20T13:56:01","date_gmt":"2025-03-20T13:56:01","guid":{"rendered":"http:\/\/volustuudio.ee\/epood\/?page_id=101223"},"modified":"2025-03-20T13:58:10","modified_gmt":"2025-03-20T13:58:10","slug":"tagastamine","status":"publish","type":"page","link":"https:\/\/volustuudio.ee\/epood\/tagastamine\/","title":{"rendered":"Tagastamine"},"content":{"rendered":"<p>[et_pb_section fb_built=&#8221;1&#8243; _builder_version=&#8221;4.16&#8243; global_colors_info=&#8221;{}&#8221;][et_pb_row _builder_version=&#8221;4.16&#8243; background_size=&#8221;initial&#8221; background_position=&#8221;top_left&#8221; background_repeat=&#8221;repeat&#8221; global_colors_info=&#8221;{}&#8221;][et_pb_column type=&#8221;4_4&#8243; _builder_version=&#8221;4.16&#8243; custom_padding=&#8221;|||&#8221; global_colors_info=&#8221;{}&#8221; custom_padding__hover=&#8221;|||&#8221;][et_pb_text _builder_version=&#8221;4.27.4&#8243; background_size=&#8221;initial&#8221; background_position=&#8221;top_left&#8221; background_repeat=&#8221;repeat&#8221; hover_enabled=&#8221;0&#8243; global_colors_info=&#8221;{}&#8221; sticky_enabled=&#8221;0&#8243;]<\/p>\n<p><!-- divi:heading --><\/p>\n<h3><strong>Tagastamine<\/strong><\/h3>\n<p>&nbsp;<\/p>\n<p>K\u00f5ikidele volustuudio.ee \u00a0e-poest ostetud toodetele kehtib tagastus\u00f5igus 14 p\u00e4eva. Tellijal on V\u00d5S \u00a7 56 lg 1 alusel \u00f5igus tagastada v\u00f5i v\u00e4lja vahetada kaup muu toote vastu p\u00f5hjust avaldamata 14 p\u00e4eva jooksul alates kauba \u00fcleandmisest. Tellija t\u00e4idab vabas vormis tagastusavalduse vormi, kus on kirjas ostja nimi, tellimuse number, ostukuup\u00e4ev, arvelduskonto number ning saadab selle e-posti aadressil mehedhakkameelama@gmail.com ning tagastab seej\u00e4rel volustuudio.ee \u00a0e-poele tellitud kauba. Vastavalt V\u00d5S \u00a7 56 lg 25 t\u00f5endab lepingust taganemist tarbija.<\/p>\n<p>Tagastatav kaup (s.h tarvikud) ei tohi olla kasutatud v\u00f5i kahjustatud ning peab olema terves originaalpakendis. Vitamiini purkide puhul fooliumikate ei tohi olla purunenud v\u00f5i avatud. Taganemis\u00f5iguse kasutamiseks ja tagastamise korral h\u00fcvitise maksmise v\u00e4ltimiseks tuleb tootepakend avada ettevaatlikult seda kahjustamata. Tagastatav toode peab olema komplektne (sisaldama k\u00f5iki tootepakendis sisaldunud esemeid \u2013 ). Kui toode on ostetud kampaania korras, kus kaubale on lisatud veel m\u00f5ni toode, tuleb Tellijal tagastada kogu komplekt (ehk siis k\u00f5ik tooted).<\/p>\n<p>Tellijal tuleb kanda lepingu esemena \u00fcleantud kauba tagastamisega seotud otsesed kulud, kui pooled ei ole kokku leppinud teisiti.<\/p>\n<p>Kui tagastatav toode (ja toote pakend) on halvenenud ja halvenemine on p\u00f5hjustatud asjaoludest, mis ei ole tingitud volustuudio.ee ning toote mittesihip\u00e4rase kasutamise tulemusena, on volustuudio.ee \u00f5igus tasaarvestada toote v\u00e4\u00e4rtuse v\u00e4henemine Tellija poolt toote eest tasutud ning tagastamisele kuuluva summaga. Tasaarvestamiseks saadab volustuudio.ee tasaarvestamise avalduse Tellija poolt tellimuse vormistamisel teatatud e-posti aadressile. Juhul, kui Tellija ei ole n\u00f5us tasaarvestamise teates n\u00e4idatud v\u00e4\u00e4rtuse v\u00e4henemisega, on selleks \u00f5igus kaasata toote v\u00e4\u00e4rtuse v\u00e4henemise kindlakstegemiseks s\u00f5ltumatu ekspert. Ekspertiisiga seotud kulud jagatakse pooleks Tellija ja volustuudio.ee vahel, v.a juhul, kui \u00fche poole seisukoht osutub ilmselt p\u00f5hjendamatuks. Sellisel juhul kannab ekspertiisiga seotud kulud pool, kelle seisukoht osutus ilmselt p\u00f5hjendamatuks.<\/p>\n<p>14-p\u00e4evase taganemis\u00f5iguse juhul tagastatakse raha kauba eest viivitamata, kuid mitte hiljem kui 14 p\u00e4eva m\u00f6\u00f6dumisel arvates taganemisavalduse saamisest, samale arvelduskontole mida m\u00e4rgitakse tagastamisvormis.<\/p>\n<p>Kui tagastatud toode on praak, saadetakse toode ekspertiisi, kus tootele teostatakse garantiiremont, vahetatakse toode uue toote vastu v\u00f5i tagastatakse toote maksumus.<\/p>\n<p>&nbsp;<\/p>\n<p>Taganemis\u00f5igus ei kohaldu, kui ostjaks on juriidiline isik.<\/p>\n<p><!-- \/divi:paragraph --><\/p>\n<p>[\/et_pb_text][et_pb_contact_form email=&#8221;info@volustuudio.ee&#8221; title=&#8221;Tagastusvorm&#8221; custom_message=&#8221;NB!  Tagastusvorm||et_pb_line_break_holder||||et_pb_line_break_holder||%%Name%%||et_pb_line_break_holder||%%Lastname%%||et_pb_line_break_holder||%%Email%%||et_pb_line_break_holder||%%Phone%%||et_pb_line_break_holder||%%OrderDate%%||et_pb_line_break_holder||%%OrderID%%||et_pb_line_break_holder||%%Message%%&#8221; success_message=&#8221;Ait\u00e4h! S\u00f5num on saadetud. &#8221; submit_button_text=&#8221;Saada&#8221; _builder_version=&#8221;4.27.4&#8243; _module_preset=&#8221;default&#8221; _unique_id=&#8221;06490d58-ff8d-4422-869b-63dc805290a0&#8243; global_colors_info=&#8221;{}&#8221;][et_pb_contact_field field_id=&#8221;Name&#8221; field_title=&#8221;Nimi&#8221; _builder_version=&#8221;4.27.4&#8243; global_colors_info=&#8221;{}&#8221; button_text_size__hover_enabled=&#8221;off&#8221; button_one_text_size__hover_enabled=&#8221;off&#8221; button_two_text_size__hover_enabled=&#8221;off&#8221; button_text_color__hover_enabled=&#8221;off&#8221; button_one_text_color__hover_enabled=&#8221;off&#8221; button_two_text_color__hover_enabled=&#8221;off&#8221; button_border_width__hover_enabled=&#8221;off&#8221; button_one_border_width__hover_enabled=&#8221;off&#8221; button_two_border_width__hover_enabled=&#8221;off&#8221; button_border_color__hover_enabled=&#8221;off&#8221; button_one_border_color__hover_enabled=&#8221;off&#8221; button_two_border_color__hover_enabled=&#8221;off&#8221; button_border_radius__hover_enabled=&#8221;off&#8221; button_one_border_radius__hover_enabled=&#8221;off&#8221; button_two_border_radius__hover_enabled=&#8221;off&#8221; button_letter_spacing__hover_enabled=&#8221;off&#8221; button_one_letter_spacing__hover_enabled=&#8221;off&#8221; button_two_letter_spacing__hover_enabled=&#8221;off&#8221; button_bg_color__hover_enabled=&#8221;off&#8221; button_one_bg_color__hover_enabled=&#8221;off&#8221; button_two_bg_color__hover_enabled=&#8221;off&#8221;][\/et_pb_contact_field][et_pb_contact_field field_id=&#8221;Lastname&#8221; field_title=&#8221;Perekonnanimi&#8221; _builder_version=&#8221;4.27.4&#8243; _module_preset=&#8221;default&#8221; global_colors_info=&#8221;{}&#8221;][\/et_pb_contact_field][et_pb_contact_field field_id=&#8221;Email&#8221; field_title=&#8221;Email&#8221; field_type=&#8221;email&#8221; _builder_version=&#8221;4.27.4&#8243; global_colors_info=&#8221;{}&#8221; button_text_size__hover_enabled=&#8221;off&#8221; button_one_text_size__hover_enabled=&#8221;off&#8221; button_two_text_size__hover_enabled=&#8221;off&#8221; button_text_color__hover_enabled=&#8221;off&#8221; button_one_text_color__hover_enabled=&#8221;off&#8221; button_two_text_color__hover_enabled=&#8221;off&#8221; button_border_width__hover_enabled=&#8221;off&#8221; button_one_border_width__hover_enabled=&#8221;off&#8221; button_two_border_width__hover_enabled=&#8221;off&#8221; button_border_color__hover_enabled=&#8221;off&#8221; button_one_border_color__hover_enabled=&#8221;off&#8221; button_two_border_color__hover_enabled=&#8221;off&#8221; button_border_radius__hover_enabled=&#8221;off&#8221; button_one_border_radius__hover_enabled=&#8221;off&#8221; button_two_border_radius__hover_enabled=&#8221;off&#8221; button_letter_spacing__hover_enabled=&#8221;off&#8221; button_one_letter_spacing__hover_enabled=&#8221;off&#8221; button_two_letter_spacing__hover_enabled=&#8221;off&#8221; button_bg_color__hover_enabled=&#8221;off&#8221; button_one_bg_color__hover_enabled=&#8221;off&#8221; button_two_bg_color__hover_enabled=&#8221;off&#8221;][\/et_pb_contact_field][et_pb_contact_field field_id=&#8221;Phone&#8221; field_title=&#8221;Telefoni number&#8221; _builder_version=&#8221;4.27.4&#8243; _module_preset=&#8221;default&#8221; global_colors_info=&#8221;{}&#8221;][\/et_pb_contact_field][et_pb_contact_field field_id=&#8221;OrderDate&#8221; field_title=&#8221;Tellimuse kuup\u00e4ev&#8221; _builder_version=&#8221;4.27.4&#8243; _module_preset=&#8221;default&#8221; global_colors_info=&#8221;{}&#8221;][\/et_pb_contact_field][et_pb_contact_field field_id=&#8221;OrderID&#8221; field_title=&#8221;Tellimuse number&#8221; _builder_version=&#8221;4.27.4&#8243; _module_preset=&#8221;default&#8221; global_colors_info=&#8221;{}&#8221;][\/et_pb_contact_field][et_pb_contact_field field_id=&#8221;Message&#8221; field_title=&#8221;Tagastamise p\u00f5hjus&#8221; field_type=&#8221;text&#8221; required_mark=&#8221;off&#8221; fullwidth_field=&#8221;on&#8221; _builder_version=&#8221;4.27.4&#8243; global_colors_info=&#8221;{}&#8221; button_text_size__hover_enabled=&#8221;off&#8221; button_one_text_size__hover_enabled=&#8221;off&#8221; button_two_text_size__hover_enabled=&#8221;off&#8221; button_text_color__hover_enabled=&#8221;off&#8221; button_one_text_color__hover_enabled=&#8221;off&#8221; button_two_text_color__hover_enabled=&#8221;off&#8221; button_border_width__hover_enabled=&#8221;off&#8221; button_one_border_width__hover_enabled=&#8221;off&#8221; button_two_border_width__hover_enabled=&#8221;off&#8221; button_border_color__hover_enabled=&#8221;off&#8221; button_one_border_color__hover_enabled=&#8221;off&#8221; button_two_border_color__hover_enabled=&#8221;off&#8221; button_border_radius__hover_enabled=&#8221;off&#8221; button_one_border_radius__hover_enabled=&#8221;off&#8221; button_two_border_radius__hover_enabled=&#8221;off&#8221; button_letter_spacing__hover_enabled=&#8221;off&#8221; button_one_letter_spacing__hover_enabled=&#8221;off&#8221; button_two_letter_spacing__hover_enabled=&#8221;off&#8221; button_bg_color__hover_enabled=&#8221;off&#8221; button_one_bg_color__hover_enabled=&#8221;off&#8221; button_two_bg_color__hover_enabled=&#8221;off&#8221;][\/et_pb_contact_field][\/et_pb_contact_form][\/et_pb_column][\/et_pb_row][\/et_pb_section]<\/p>\n","protected":false},"excerpt":{"rendered":"<p>Tagastamine &nbsp; K\u00f5ikidele volustuudio.ee \u00a0e-poest ostetud toodetele kehtib tagastus\u00f5igus 14 p\u00e4eva. Tellijal on V\u00d5S \u00a7 56 lg 1 alusel \u00f5igus tagastada v\u00f5i v\u00e4lja vahetada kaup muu toote vastu p\u00f5hjust avaldamata 14 p\u00e4eva jooksul alates kauba \u00fcleandmisest. Tellija t\u00e4idab vabas vormis tagastusavalduse vormi, kus on kirjas ostja nimi, tellimuse number, ostukuup\u00e4ev, arvelduskonto number ning saadab selle [&hellip;]<\/p>\n","protected":false},"author":1,"featured_media":0,"parent":0,"menu_order":0,"comment_status":"closed","ping_status":"closed","template":"","meta":{"_et_pb_use_builder":"on","_et_pb_old_content":"","_et_gb_content_width":"","footnotes":""},"class_list":["post-101223","page","type-page","status-publish","hentry"],"_links":{"self":[{"href":"https:\/\/volustuudio.ee\/epood\/wp-json\/wp\/v2\/pages\/101223","targetHints":{"allow":["GET"]}}],"collection":[{"href":"https:\/\/volustuudio.ee\/epood\/wp-json\/wp\/v2\/pages"}],"about":[{"href":"https:\/\/volustuudio.ee\/epood\/wp-json\/wp\/v2\/types\/page"}],"author":[{"embeddable":true,"href":"https:\/\/volustuudio.ee\/epood\/wp-json\/wp\/v2\/users\/1"}],"replies":[{"embeddable":true,"href":"https:\/\/volustuudio.ee\/epood\/wp-json\/wp\/v2\/comments?post=101223"}],"version-history":[{"count":3,"href":"https:\/\/volustuudio.ee\/epood\/wp-json\/wp\/v2\/pages\/101223\/revisions"}],"predecessor-version":[{"id":101230,"href":"https:\/\/volustuudio.ee\/epood\/wp-json\/wp\/v2\/pages\/101223\/revisions\/101230"}],"wp:attachment":[{"href":"https:\/\/volustuudio.ee\/epood\/wp-json\/wp\/v2\/media?parent=101223"}],"curies":[{"name":"wp","href":"https:\/\/api.w.org\/{rel}","templated":true}]}}