{"id":101039,"date":"2025-03-15T10:49:54","date_gmt":"2025-03-15T10:49:54","guid":{"rendered":"http:\/\/volustuudio.ee\/epood\/?page_id=101039"},"modified":"2025-08-18T19:37:04","modified_gmt":"2025-08-18T19:37:04","slug":"koolitused","status":"publish","type":"page","link":"https:\/\/volustuudio.ee\/epood\/koolitused\/","title":{"rendered":"Koolitused ja \u00f5pitoad"},"content":{"rendered":"<p>[et_pb_section fb_built=&#8221;1&#8243; custom_padding_last_edited=&#8221;on|tablet&#8221; _builder_version=&#8221;4.19.1&#8243; _module_preset=&#8221;default&#8221; background_color=&#8221;#FFFFFF&#8221; custom_padding_tablet=&#8221;0px||||false|false&#8221; custom_padding_phone=&#8221;0px||||false|false&#8221; da_disable_devices=&#8221;off|off|off&#8221; global_colors_info=&#8221;{}&#8221; da_is_popup=&#8221;off&#8221; da_exit_intent=&#8221;off&#8221; da_has_close=&#8221;on&#8221; da_alt_close=&#8221;off&#8221; da_dark_close=&#8221;off&#8221; da_not_modal=&#8221;on&#8221; da_is_singular=&#8221;off&#8221; da_with_loader=&#8221;off&#8221; da_has_shadow=&#8221;on&#8221;][et_pb_row column_structure=&#8221;1_4,1_4,1_4,1_4&#8243; use_custom_gutter=&#8221;on&#8221; make_equal=&#8221;on&#8221; _builder_version=&#8221;4.17.3&#8243; _module_preset=&#8221;default&#8221; width=&#8221;90%&#8221; max_width=&#8221;1400px&#8221; global_colors_info=&#8221;{}&#8221;][et_pb_column type=&#8221;1_4&#8243; module_class=&#8221;dct_service_v1&#8243; _builder_version=&#8221;4.17.3&#8243; _module_preset=&#8221;default&#8221; border_radii=&#8221;on|20px|20px|20px|20px&#8221; box_shadow_style=&#8221;preset1&#8243; global_colors_info=&#8221;{}&#8221;][et_pb_blurb title=&#8221;Kreemid &#038; \u00d5lid&#8221; image=&#8221;https:\/\/volustuudio.ee\/epood\/wp-content\/uploads\/2025\/04\/Foto-0039.png&#8221; content_max_width=&#8221;100%&#8221; _builder_version=&#8221;4.27.4&#8243; _module_preset=&#8221;default&#8221; text_orientation=&#8221;center&#8221; custom_margin=&#8221;||0px||false|false&#8221; animation=&#8221;off&#8221; global_colors_info=&#8221;{}&#8221;][\/et_pb_blurb][et_pb_cta button_url=&#8221;https:\/\/volustuudio.ee\/epood&#8221; button_text=&#8221;Uuri l\u00e4hemalt&#8221; _builder_version=&#8221;4.27.4&#8243; _module_preset=&#8221;default&#8221; use_background_color=&#8221;off&#8221; custom_button=&#8221;on&#8221; button_text_size=&#8221;15px&#8221; button_bg_color=&#8221;rgba(0,0,0,0)&#8221; button_border_width=&#8221;0px&#8221; button_border_radius=&#8221;0px&#8221; button_letter_spacing=&#8221;1px&#8221; button_font=&#8221;|600||on|||||&#8221; button_use_icon=&#8221;off&#8221; button_custom_padding=&#8221;15px|5px|5px|5px|false|true&#8221; custom_margin=&#8221;||0px||false|false&#8221; global_colors_info=&#8221;{}&#8221;]<\/p>\n<p>Epood<\/p>\n<p>[\/et_pb_cta][et_pb_divider _builder_version=&#8221;4.16&#8243; _module_preset=&#8221;default&#8221; custom_margin=&#8221;||0px||false|false&#8221; global_colors_info=&#8221;{}&#8221;][\/et_pb_divider][\/et_pb_column][et_pb_column type=&#8221;1_4&#8243; module_class=&#8221;dct_service_v1&#8243; _builder_version=&#8221;4.16&#8243; _module_preset=&#8221;default&#8221; border_radii=&#8221;on|20px|20px|20px|20px&#8221; box_shadow_style=&#8221;preset1&#8243; global_colors_info=&#8221;{}&#8221;][et_pb_blurb title=&#8221;S\u00fcndmused&#8221; url=&#8221;https:\/\/volustuudio.ee\/epood\/syndmused&#8221; image=&#8221;https:\/\/volustuudio.ee\/epood\/wp-content\/uploads\/2025\/04\/485098887_663981652799257_3475905328645817166_n.jpg&#8221; content_max_width=&#8221;100%&#8221; _builder_version=&#8221;4.27.4&#8243; _module_preset=&#8221;default&#8221; text_orientation=&#8221;center&#8221; custom_margin=&#8221;||0px||false|false&#8221; animation=&#8221;off&#8221; global_colors_info=&#8221;{}&#8221;][\/et_pb_blurb][et_pb_cta button_url=&#8221;https:\/\/volustuudio.ee\/epood\/syndmused&#8221; button_text=&#8221;Uuri l\u00e4hemalt!&#8221; _builder_version=&#8221;4.27.4&#8243; _module_preset=&#8221;default&#8221; use_background_color=&#8221;off&#8221; custom_button=&#8221;on&#8221; button_text_size=&#8221;15px&#8221; button_bg_color=&#8221;rgba(0,0,0,0)&#8221; button_border_width=&#8221;0px&#8221; button_border_radius=&#8221;0px&#8221; button_letter_spacing=&#8221;1px&#8221; button_font=&#8221;|600||on|||||&#8221; button_use_icon=&#8221;off&#8221; button_custom_padding=&#8221;15px|5px|5px|5px|false|true&#8221; custom_margin=&#8221;||0px||false|false&#8221; global_colors_info=&#8221;{}&#8221;]<\/p>\n<p><span>\u00d5pitoad \u2013 \u00f5ppimine muutub elamuseks!<\/span><\/p>\n<p>[\/et_pb_cta][et_pb_divider _builder_version=&#8221;4.16&#8243; _module_preset=&#8221;default&#8221; custom_margin=&#8221;||0px||false|false&#8221; global_colors_info=&#8221;{}&#8221;][\/et_pb_divider][\/et_pb_column][et_pb_column type=&#8221;1_4&#8243; module_class=&#8221;dct_service_v1&#8243; _builder_version=&#8221;4.16&#8243; _module_preset=&#8221;default&#8221; border_radii=&#8221;on|20px|20px|20px|20px&#8221; box_shadow_style=&#8221;preset1&#8243; global_colors_info=&#8221;{}&#8221;][et_pb_blurb title=&#8221;Koolitused ja \u00f5pitoad&#8221; image=&#8221;https:\/\/volustuudio.ee\/epood\/wp-content\/uploads\/2025\/04\/Foto-0055-scaled.jpg&#8221; content_max_width=&#8221;100%&#8221; _builder_version=&#8221;4.27.4&#8243; _module_preset=&#8221;default&#8221; text_orientation=&#8221;center&#8221; custom_margin=&#8221;||0px||false|false&#8221; filter_brightness=&#8221;200%&#8221; animation=&#8221;off&#8221; global_colors_info=&#8221;{}&#8221;][\/et_pb_blurb][et_pb_divider _builder_version=&#8221;4.27.4&#8243; _module_preset=&#8221;default&#8221; custom_margin=&#8221;||0px||false|false&#8221; filter_hue_rotate=&#8221;135deg&#8221; global_colors_info=&#8221;{}&#8221;][\/et_pb_divider][\/et_pb_column][et_pb_column type=&#8221;1_4&#8243; module_class=&#8221;dct_service_v1&#8243; _builder_version=&#8221;4.16&#8243; _module_preset=&#8221;default&#8221; border_radii=&#8221;on|20px|20px|20px|20px&#8221; box_shadow_style=&#8221;preset1&#8243; global_colors_info=&#8221;{}&#8221;][et_pb_blurb title=&#8221;Kinkekaardid&#8221; url=&#8221;https:\/\/volustuudio.ee\/epood\/kinkekaardid\/&#8221; image=&#8221;https:\/\/volustuudio.ee\/epood\/wp-content\/uploads\/2025\/03\/cropped-view-of-girl-holding-gift-card-with-red-bo-2024-11-17-22-08-46-utc-300&#215;200-1.jpg&#8221; content_max_width=&#8221;100%&#8221; _builder_version=&#8221;4.27.4&#8243; _module_preset=&#8221;default&#8221; text_orientation=&#8221;center&#8221; custom_margin=&#8221;||0px||false|false&#8221; animation=&#8221;off&#8221; global_colors_info=&#8221;{}&#8221;][\/et_pb_blurb][et_pb_cta button_url=&#8221;https:\/\/volustuudio.ee\/epood\/kinkekaardid&#8221; button_text=&#8221;Uuri l\u00e4hemalt!&#8221; _builder_version=&#8221;4.27.4&#8243; _module_preset=&#8221;default&#8221; use_background_color=&#8221;off&#8221; custom_button=&#8221;on&#8221; button_text_size=&#8221;15px&#8221; button_bg_color=&#8221;rgba(0,0,0,0)&#8221; button_border_width=&#8221;0px&#8221; button_border_radius=&#8221;0px&#8221; button_letter_spacing=&#8221;1px&#8221; button_font=&#8221;|600||on|||||&#8221; button_use_icon=&#8221;off&#8221; button_custom_padding=&#8221;15px|5px|5px|5px|false|true&#8221; custom_margin=&#8221;||0px||false|false&#8221; global_colors_info=&#8221;{}&#8221;]<\/p>\n<p><strong>Kinkekaardid \u2013 kingi unustamatud elamused!<\/strong><\/p>\n<p>[\/et_pb_cta][et_pb_divider _builder_version=&#8221;4.16&#8243; _module_preset=&#8221;default&#8221; custom_margin=&#8221;||0px||false|false&#8221; global_colors_info=&#8221;{}&#8221;][\/et_pb_divider][\/et_pb_column][\/et_pb_row][\/et_pb_section][et_pb_section fb_built=&#8221;1&#8243; disabled_on=&#8221;on|off|off&#8221; admin_label=&#8221;Minust&#8221; _builder_version=&#8221;4.27.4&#8243; _module_preset=&#8221;default&#8221; background_color=&#8221;#FFFFFF&#8221; custom_padding=&#8221;||0px||false|false&#8221; custom_css_main_element=&#8221;overflow: hidden;&#8221; da_disable_devices=&#8221;off|off|off&#8221; collapsed=&#8221;off&#8221; global_colors_info=&#8221;{}&#8221; da_is_popup=&#8221;off&#8221; da_exit_intent=&#8221;off&#8221; da_has_close=&#8221;on&#8221; da_alt_close=&#8221;off&#8221; da_dark_close=&#8221;off&#8221; da_not_modal=&#8221;on&#8221; da_is_singular=&#8221;off&#8221; da_with_loader=&#8221;off&#8221; da_has_shadow=&#8221;on&#8221;][et_pb_row use_custom_gutter=&#8221;on&#8221; make_equal=&#8221;on&#8221; _builder_version=&#8221;4.27.4&#8243; _module_preset=&#8221;default&#8221; width=&#8221;90%&#8221; max_width=&#8221;1300px&#8221; global_colors_info=&#8221;{}&#8221;][et_pb_column type=&#8221;4_4&#8243; _builder_version=&#8221;4.17.3&#8243; _module_preset=&#8221;default&#8221; global_colors_info=&#8221;{}&#8221;][et_pb_blurb image_icon_width=&#8221;100px&#8221; icon_alignment=&#8221;left&#8221; content_max_width=&#8221;100%&#8221; module_class=&#8221;dct_blurb_img&#8221; _builder_version=&#8221;4.27.4&#8243; _module_preset=&#8221;default&#8221; header_font=&#8221;|700|||||||&#8221; header_font_size=&#8221;38px&#8221; body_font=&#8221;Playfair Display|700|||||||&#8221; body_text_color=&#8221;#000000&#8243; body_font_size=&#8221;42px&#8221; custom_margin=&#8221;||40px||false|false&#8221; global_colors_info=&#8221;{}&#8221;]Miks valida Kristiina V\u00f5lu Stuudio  <span style=\"color: var(--color-1);\">koolitused ja t\u00f6\u00f6toad?<\/span>[\/et_pb_blurb][et_pb_text _builder_version=&#8221;4.27.4&#8243; _module_preset=&#8221;default&#8221; text_font_size=&#8221;15px&#8221; text_letter_spacing=&#8221;0.3px&#8221; custom_css_main_element=&#8221;font-weight:400;&#8221; global_colors_info=&#8221;{}&#8221;]<\/p>\n<p style=\"font-weight: 400;\">\ud83d\udc9a <strong>Loodusl\u00e4hedus ja ehe kogemus<\/strong><br \/>Meie t\u00f6\u00f6toad s\u00fcnnivad armastusest looduse vastu. Iga toode, mida valmistad, p\u00f5hineb looduslikel koostisosadel \u2013 puhas, autentne ja hingega tehtud.<\/p>\n<p style=\"font-weight: 400;\">\ud83c\udfa8 <strong>Loovus ja isiklik puudutus<\/strong><br \/>Sa ei saa lihtsalt valmisretsepti \u2013 saad luua midagi t\u00f5eliselt <em>oma<\/em>. Olgu selleks l\u00f5hn, tekstuur v\u00f5i otstarve \u2013 sinu valikud loevad.<\/p>\n<p style=\"font-weight: 400;\">\ud83c\udf3f <strong>Tervendav keskkond<\/strong><br \/>T\u00f6\u00f6toad toimuvad toetavas ja rahulikus \u00f5hkkonnas, kus on ruumi nii iseendale kui ka \u00fcksteisega \u00fchenduse loomiseks. Loodud keskkond toetab heaolu, loomingulisust ja sisemist tasakaalu.<\/p>\n<p style=\"font-weight: 400;\">\ud83c\udf1f <strong>V\u00e4ikesed grupid, personaalne t\u00e4helepanu<\/strong><br \/>Iga osaleja saab juhendajalt individuaalset tuge. Meie t\u00f6\u00f6toad on hubased ja m\u00f5eldud just v\u00e4iksemale seltskonnale (kuni 15 inimest), et kogemus oleks v\u00f5imalikult isiklik ja kvaliteetne.<\/p>\n<p style=\"font-weight: 400;\">\ud83c\udf75 <strong>Lisav\u00e4\u00e4rtus \u2013 taimetee ja hea seltskond<\/strong><br \/>Iga t\u00f6\u00f6tuba sisaldab ka v\u00e4ikest pausimomenti taimetee nautimiseks \u2013 sest ka koosolemine ja jagamine on osa terviklikust kogemusest.<\/p>\n<p style=\"font-weight: 400;\">[\/et_pb_text][et_pb_text _builder_version=&#8221;4.27.4&#8243; _module_preset=&#8221;default&#8221; text_font_size=&#8221;15px&#8221; text_letter_spacing=&#8221;0.3px&#8221; custom_css_main_element=&#8221;font-weight:400;&#8221; global_colors_info=&#8221;{}&#8221;]<\/p>\n<div><b><span lang=\"ET\">Kui otsid midagi enamat kui lihtsalt \u00f5pet \u2013 kogemust, mis j\u00e4\u00e4b meelde ja toetab Sind ka p\u00e4rast t\u00f6\u00f6toa l\u00f5ppu \u2013 siis oled oodatud Kristiina V\u00f5lu Suudiosse.<\/span><\/b><\/div>\n<div><\/div>\n<p>[\/et_pb_text][\/et_pb_column][\/et_pb_row][\/et_pb_section][et_pb_section fb_built=&#8221;1&#8243; _builder_version=&#8221;4.16&#8243; _module_preset=&#8221;default&#8221; da_disable_devices=&#8221;off|off|off&#8221; global_colors_info=&#8221;{}&#8221; da_is_popup=&#8221;off&#8221; da_exit_intent=&#8221;off&#8221; da_has_close=&#8221;on&#8221; da_alt_close=&#8221;off&#8221; da_dark_close=&#8221;off&#8221; da_not_modal=&#8221;on&#8221; da_is_singular=&#8221;off&#8221; da_with_loader=&#8221;off&#8221; da_has_shadow=&#8221;on&#8221;][et_pb_row column_structure=&#8221;1_3,2_3&#8243; use_custom_gutter=&#8221;on&#8221; make_equal=&#8221;on&#8221; _builder_version=&#8221;4.17.3&#8243; _module_preset=&#8221;default&#8221; width=&#8221;90%&#8221; global_colors_info=&#8221;{}&#8221;][et_pb_column type=&#8221;1_3&#8243; module_class=&#8221;dct_service_list&#8221; _builder_version=&#8221;4.16&#8243; _module_preset=&#8221;default&#8221; global_colors_info=&#8221;{}&#8221;][et_pb_image src=&#8221;https:\/\/volustuudio.ee\/epood\/wp-content\/uploads\/2025\/04\/s0JsmFtL-1.jpg&#8221; title_text=&#8221;s0JsmFtL&#8221; _builder_version=&#8221;4.27.4&#8243; _module_preset=&#8221;default&#8221; border_radii=&#8221;on|250px|250px|250px|250px&#8221; global_colors_info=&#8221;{}&#8221;][\/et_pb_image][\/et_pb_column][et_pb_column type=&#8221;2_3&#8243; _builder_version=&#8221;4.16&#8243; _module_preset=&#8221;default&#8221; global_colors_info=&#8221;{}&#8221;][et_pb_cta title=&#8221;Loodustoodete valmistamine&#8221; button_url=&#8221;https:\/\/volustuudio.ee\/epood\/product\/loodustoodete-valmistamise-tootuba\/&#8221; button_text=&#8221;Uuri l\u00e4hemalt!&#8221; _builder_version=&#8221;4.27.4&#8243; _module_preset=&#8221;default&#8221; header_font=&#8221;|700|||||||&#8221; header_font_size=&#8221;35px&#8221; body_text_color=&#8221;#666&#8243; body_font_size=&#8221;15px&#8221; body_line_height=&#8221;30px&#8221; use_background_color=&#8221;off&#8221; custom_button=&#8221;on&#8221; button_text_size=&#8221;15px&#8221; button_border_width=&#8221;0px&#8221; button_border_radius=&#8221;50px&#8221; button_letter_spacing=&#8221;1px&#8221; button_font=&#8221;|600||on|||||&#8221; button_use_icon=&#8221;off&#8221; button_custom_padding=&#8221;10px|20px|10px|20px|true|true&#8221; text_orientation=&#8221;left&#8221; custom_css_promo_button=&#8221;background:var(&#8211;color-2)&#8221; custom_css_promo_title=&#8221;color:var(&#8211;color-1) !important;&#8221; global_colors_info=&#8221;{}&#8221;]<\/p>\n<div class=\"elementToProof\" style=\"font-size: 12pt; font-style: normal; font-variant-caps: normal; font-weight: 400; letter-spacing: normal; orphans: auto; text-transform: none; white-space: normal; widows: auto; word-spacing: 0px; -webkit-text-stroke-width: 0px; text-decoration: none; text-align: justify; text-indent: -18pt; margin: 0cm 0cm 0.1pt 36pt; font-family: Calibri, Helvetica, sans-serif; color: #000000;\">\n<p style=\"font-weight: 400;\">Tule ja loo iseenda k\u00e4tega puhtast loodusest inspireeritud kehahooldustoode!<\/p>\n<p style=\"font-weight: 400;\">T\u00f6\u00f6toas saad valmistada \u00fche v\u00f5i mitu j\u00e4rgmistest toodetest:<br \/><strong>kehakoorija, deodorant, salv, kehakreem, keha\u00f5li v\u00f5i parf\u00fc\u00fcm<\/strong> \u2013 valiku teed ise.<\/p>\n<\/div>\n<p>[\/et_pb_cta][\/et_pb_column][\/et_pb_row][et_pb_row column_structure=&#8221;2_3,1_3&#8243; use_custom_gutter=&#8221;on&#8221; make_equal=&#8221;on&#8221; _builder_version=&#8221;4.16&#8243; _module_preset=&#8221;default&#8221; global_colors_info=&#8221;{}&#8221;][et_pb_column type=&#8221;2_3&#8243; _builder_version=&#8221;4.16&#8243; _module_preset=&#8221;default&#8221; global_colors_info=&#8221;{}&#8221;][et_pb_cta title=&#8221;Enesemassaa\u017e ja teadvelolek (mindfulness)&#8221; button_url=&#8221;https:\/\/volustuudio.ee\/epood\/product\/enesemassaaz-ja-teadvelolek-mindfulness\/&#8221; button_text=&#8221;Uuri l\u00e4hemalt!&#8221; _builder_version=&#8221;4.27.4&#8243; _module_preset=&#8221;default&#8221; header_font=&#8221;|700|||||||&#8221; header_font_size=&#8221;35px&#8221; body_text_color=&#8221;#666&#8243; body_font_size=&#8221;15px&#8221; body_line_height=&#8221;30px&#8221; use_background_color=&#8221;off&#8221; custom_button=&#8221;on&#8221; button_text_size=&#8221;15px&#8221; button_border_width=&#8221;0px&#8221; button_border_radius=&#8221;50px&#8221; button_letter_spacing=&#8221;1px&#8221; button_font=&#8221;|600||on|||||&#8221; button_use_icon=&#8221;off&#8221; button_custom_padding=&#8221;10px|20px|10px|20px|true|true&#8221; text_orientation=&#8221;left&#8221; custom_css_promo_button=&#8221;background:var(&#8211;color-2)&#8221; custom_css_promo_title=&#8221;color:var(&#8211;color-1) !important;&#8221; global_colors_info=&#8221;{}&#8221;]<\/p>\n<div class=\"elementToProof\" style=\"font-size: 12pt; font-style: normal; font-variant-caps: normal; font-weight: 400; letter-spacing: normal; orphans: auto; text-align: start; text-indent: 0px; text-transform: none; white-space: normal; widows: auto; word-spacing: 0px; -webkit-text-stroke-width: 0px; text-decoration: none; margin-top: 1em; margin-bottom: 1em; font-family: Calibri, Helvetica, sans-serif; color: #000000;\">\n<p style=\"font-weight: 400;\"><strong>L\u00e4bi puudutuse ja kohalolu iseendale l\u00e4hemale<\/strong><\/p>\n<p style=\"font-weight: 400;\">T\u00e4nap\u00e4eva kiires elutempos unustame sageli k\u00f5ige olulisema \u2013 iseenda. See t\u00f6\u00f6tuba \u00fchendab <strong>praktilised enesemassaa\u017ei tehnikad<\/strong> ja <strong>lihtsad teadveloleku harjutused<\/strong>, et aidata osalejatel tulla tagasi kehasse, l\u00f5dvestuda ja laadida end seestpoolt.<\/p>\n<\/div>\n<p>[\/et_pb_cta][\/et_pb_column][et_pb_column type=&#8221;1_3&#8243; module_class=&#8221;dct_service_list&#8221; _builder_version=&#8221;4.16&#8243; _module_preset=&#8221;default&#8221; global_colors_info=&#8221;{}&#8221;][et_pb_image src=&#8221;https:\/\/volustuudio.ee\/epood\/wp-content\/uploads\/2025\/08\/Meditation-Mindfulness-1-scaled-1-300&#215;188.jpg&#8221; title_text=&#8221;Meditation-Mindfulness-1-scaled&#8221; _builder_version=&#8221;4.27.4&#8243; _module_preset=&#8221;default&#8221; hover_enabled=&#8221;0&#8243; border_radii=&#8221;on|250px|250px|250px|250px&#8221; global_colors_info=&#8221;{}&#8221; sticky_enabled=&#8221;0&#8243;][\/et_pb_image][\/et_pb_column][\/et_pb_row][et_pb_row column_structure=&#8221;1_3,2_3&#8243; use_custom_gutter=&#8221;on&#8221; make_equal=&#8221;on&#8221; _builder_version=&#8221;4.17.3&#8243; _module_preset=&#8221;default&#8221; width=&#8221;90%&#8221; global_colors_info=&#8221;{}&#8221;][et_pb_column type=&#8221;1_3&#8243; module_class=&#8221;dct_service_list&#8221; _builder_version=&#8221;4.16&#8243; _module_preset=&#8221;default&#8221; global_colors_info=&#8221;{}&#8221;][et_pb_image src=&#8221;https:\/\/volustuudio.ee\/epood\/wp-content\/uploads\/2025\/03\/woman-playing-on-a-tibetian-singing-bowl-maling-ma-2024-10-30-21-12-26-utc-scaled.jpg&#8221; title_text=&#8221;Woman playing on a tibetian singing bowl maling massage meditation for a man&#8221; _builder_version=&#8221;4.27.4&#8243; _module_preset=&#8221;default&#8221; border_radii=&#8221;on|250px|250px|250px|250px&#8221; global_colors_info=&#8221;{}&#8221;][\/et_pb_image][\/et_pb_column][et_pb_column type=&#8221;2_3&#8243; _builder_version=&#8221;4.16&#8243; _module_preset=&#8221;default&#8221; global_colors_info=&#8221;{}&#8221;][et_pb_cta title=&#8221;Meditatsioon ja helir\u00e4nnak. &#8221; button_url=&#8221;https:\/\/volustuudio.ee\/epood\/product\/vaimset-tervist-toetav-tootuba-meditatsioon-ja-helirannak\/&#8221; button_text=&#8221;Uuri l\u00e4hemalt!&#8221; _builder_version=&#8221;4.27.4&#8243; _module_preset=&#8221;default&#8221; header_font=&#8221;|700|||||||&#8221; header_font_size=&#8221;35px&#8221; body_text_color=&#8221;#666&#8243; body_font_size=&#8221;15px&#8221; body_line_height=&#8221;30px&#8221; use_background_color=&#8221;off&#8221; custom_button=&#8221;on&#8221; button_text_size=&#8221;15px&#8221; button_border_width=&#8221;0px&#8221; button_border_radius=&#8221;50px&#8221; button_letter_spacing=&#8221;1px&#8221; button_font=&#8221;|600||on|||||&#8221; button_use_icon=&#8221;off&#8221; button_custom_padding=&#8221;10px|20px|10px|20px|true|true&#8221; text_orientation=&#8221;left&#8221; custom_css_promo_button=&#8221;background:var(&#8211;color-2)&#8221; custom_css_promo_title=&#8221;color:var(&#8211;color-1) !important;&#8221; global_colors_info=&#8221;{}&#8221;]<\/p>\n<div class=\"elementToProof\" style=\"font-size: 12pt; font-style: normal; font-variant-caps: normal; font-weight: 400; letter-spacing: normal; orphans: auto; text-align: start; text-indent: 0px; text-transform: none; white-space: normal; widows: auto; word-spacing: 0px; -webkit-text-stroke-width: 0px; text-decoration: none; margin-top: 1em; margin-bottom: 1em; margin-left: -0.25pt; font-family: Calibri, Helvetica, sans-serif; color: #000000;\">\n<p style=\"font-weight: 400;\"><strong>Teadlik liikumine. S\u00fcgavam kohalolu. L\u00f5\u00f5gastus l\u00e4bi keha.<\/strong><\/p>\n<p style=\"font-weight: 400;\">Kutsume sind ja sinu gruppi kogema <strong>OSHO aktiivset meditatsiooni<\/strong> \u2013 see ei ole vaikne istumine, vaid kehaga l\u00e4bi tunnetatud teekond iseendani. Meditatsioon sobib nii algajale kui ka kogenud praktiseerijale.<\/p>\n<\/div>\n<p>[\/et_pb_cta][\/et_pb_column][\/et_pb_row][et_pb_row column_structure=&#8221;2_3,1_3&#8243; use_custom_gutter=&#8221;on&#8221; make_equal=&#8221;on&#8221; _builder_version=&#8221;4.16&#8243; _module_preset=&#8221;default&#8221; global_colors_info=&#8221;{}&#8221;][et_pb_column type=&#8221;2_3&#8243; _builder_version=&#8221;4.16&#8243; _module_preset=&#8221;default&#8221; global_colors_info=&#8221;{}&#8221;][et_pb_cta title=&#8221;Human Designi \u00f5htu&#8221; button_url=&#8221;https:\/\/volustuudio.ee\/epood\/product\/human-designi-ohtu\/&#8221; button_text=&#8221;Uuri l\u00e4hemalt!&#8221; _builder_version=&#8221;4.27.4&#8243; _module_preset=&#8221;default&#8221; header_font=&#8221;|700|||||||&#8221; header_font_size=&#8221;35px&#8221; body_text_color=&#8221;#666&#8243; body_font_size=&#8221;15px&#8221; body_line_height=&#8221;30px&#8221; use_background_color=&#8221;off&#8221; custom_button=&#8221;on&#8221; button_text_size=&#8221;15px&#8221; button_border_width=&#8221;0px&#8221; button_border_radius=&#8221;50px&#8221; button_letter_spacing=&#8221;1px&#8221; button_font=&#8221;|600||on|||||&#8221; button_use_icon=&#8221;off&#8221; button_custom_padding=&#8221;10px|20px|10px|20px|true|true&#8221; text_orientation=&#8221;left&#8221; hover_enabled=&#8221;0&#8243; custom_css_promo_button=&#8221;background:var(&#8211;color-2)&#8221; custom_css_promo_title=&#8221;color:var(&#8211;color-1) !important;&#8221; global_colors_info=&#8221;{}&#8221; sticky_enabled=&#8221;0&#8243;]<\/p>\n<div class=\"elementToProof\" style=\"font-size: 12pt; font-style: normal; font-variant-caps: normal; font-weight: 400; letter-spacing: normal; orphans: auto; text-align: start; text-indent: 0px; text-transform: none; white-space: normal; widows: auto; word-spacing: 0px; -webkit-text-stroke-width: 0px; text-decoration: none; margin-top: 1em; margin-bottom: 1em; font-family: Calibri, Helvetica, sans-serif; color: #000000;\">\n<p>\u00d5pi tundma ennast ja oma s\u00f5pru,\u00a0 imelise s\u00fcsteemi abil ja k\u00f5ik saab palju selgemaks.<br \/>L\u00e4bi Human Designi s\u00fcnnikaardi s\u00fcsteemi saab ennast tundma \u00f5ppida s\u00fcgavamalt ja aru saada enda toimimis viisist, mis v\u00f5tab \u00e4ra palju pingeid elust.<br \/>Sobib nii s\u00f5prade seltskonnale kui ka t\u00f6\u00f6keskkondade parendamiseks ja kollektiivi paremaks toimimiseks.<br \/>Kestab 3 tundi ja iga\u00fcks saab ka l\u00fchi tutvustuse enda t\u00fc\u00fcbi, profiili ja kanalite kohta.<br \/>K\u00fcsi pakkumist. Grupi suurus \u2013 20 inimest.<\/p>\n<\/div>\n<p>[\/et_pb_cta][\/et_pb_column][et_pb_column type=&#8221;1_3&#8243; module_class=&#8221;dct_service_list&#8221; _builder_version=&#8221;4.16&#8243; _module_preset=&#8221;default&#8221; global_colors_info=&#8221;{}&#8221;][et_pb_image src=&#8221;https:\/\/volustuudio.ee\/epood\/wp-content\/uploads\/2025\/03\/7-centered-to-9-centered.jpg&#8221; title_text=&#8221;7-centered-to-9-centered&#8221; _builder_version=&#8221;4.27.4&#8243; _module_preset=&#8221;default&#8221; border_radii=&#8221;on|250px|250px|250px|250px&#8221; global_colors_info=&#8221;{}&#8221;][\/et_pb_image][\/et_pb_column][\/et_pb_row][\/et_pb_section]<\/p>\n","protected":false},"excerpt":{"rendered":"<p>Epood\u00d5pitoad \u2013 \u00f5ppimine muutub elamuseks!Kinkekaardid \u2013 kingi unustamatud elamused!Miks valida Kristiina V\u00f5lu Stuudio koolitused ja t\u00f6\u00f6toad?\ud83d\udc9a Loodusl\u00e4hedus ja ehe kogemusMeie t\u00f6\u00f6toad s\u00fcnnivad armastusest looduse vastu. Iga toode, mida valmistad, p\u00f5hineb looduslikel koostisosadel \u2013 puhas, autentne ja hingega tehtud. \ud83c\udfa8 Loovus ja isiklik puudutusSa ei saa lihtsalt valmisretsepti \u2013 saad luua midagi t\u00f5eliselt oma. Olgu selleks [&hellip;]<\/p>\n","protected":false},"author":1,"featured_media":0,"parent":0,"menu_order":0,"comment_status":"closed","ping_status":"closed","template":"","meta":{"_et_pb_use_builder":"on","_et_pb_old_content":"","_et_gb_content_width":"","footnotes":""},"class_list":["post-101039","page","type-page","status-publish","hentry"],"_links":{"self":[{"href":"https:\/\/volustuudio.ee\/epood\/wp-json\/wp\/v2\/pages\/101039","targetHints":{"allow":["GET"]}}],"collection":[{"href":"https:\/\/volustuudio.ee\/epood\/wp-json\/wp\/v2\/pages"}],"about":[{"href":"https:\/\/volustuudio.ee\/epood\/wp-json\/wp\/v2\/types\/page"}],"author":[{"embeddable":true,"href":"https:\/\/volustuudio.ee\/epood\/wp-json\/wp\/v2\/users\/1"}],"replies":[{"embeddable":true,"href":"https:\/\/volustuudio.ee\/epood\/wp-json\/wp\/v2\/comments?post=101039"}],"version-history":[{"count":5,"href":"https:\/\/volustuudio.ee\/epood\/wp-json\/wp\/v2\/pages\/101039\/revisions"}],"predecessor-version":[{"id":101621,"href":"https:\/\/volustuudio.ee\/epood\/wp-json\/wp\/v2\/pages\/101039\/revisions\/101621"}],"wp:attachment":[{"href":"https:\/\/volustuudio.ee\/epood\/wp-json\/wp\/v2\/media?parent=101039"}],"curies":[{"name":"wp","href":"https:\/\/api.w.org\/{rel}","templated":true}]}}